{"id":3994,"date":"2024-12-18T18:21:43","date_gmt":"2024-12-18T18:21:43","guid":{"rendered":"https:\/\/www.alune.com.tr\/?post_type=product&#038;p=3994"},"modified":"2026-03-23T07:15:54","modified_gmt":"2026-03-23T07:15:54","slug":"alune-antep-fistigi-kremasi","status":"publish","type":"product","link":"https:\/\/alune.com.tr\/?product=alune-antep-fistigi-kremasi","title":{"rendered":"Alune Antep F\u0131st\u0131\u011f\u0131 Kremas\u0131 320 gr"},"content":{"rendered":"","protected":false},"excerpt":{"rendered":"<p style=\"font-size: 16px; text-align: justify;\">Besin de\u011feri bak\u0131mdan zengin, besyeyici ya\u011f oran\u0131 y\u00fcksek yerli ve Antep F\u0131st\u0131klar\u0131 kullan\u0131larak \u00fcretilmi\u015ftir.<br \/>\nKavrulma derecesi ve i\u015flenme \u015fekli sayesinde besin de\u011feri korunur<br \/>\nTad\u0131 ve k\u0131vam bak\u0131m\u0131ndan lezzetli en iyi kalite Antep F\u0131st\u0131klar\u0131ndan \u00fcretilmi\u015fir.<br \/>\nTazeli\u011fini korumak amac\u0131yla haftal\u0131k \u00fcretim yap\u0131lmaktad\u0131r.<br \/>\nS\u00fcr\u00fclebilir <span style=\"font-weight: 400;\">kahvalt\u0131larda <\/span>ve ara \u00f6\u011f\u00fcnlerde keyifle t\u00fcketebilirsiniz<br \/>\nY\u00fcksek lif oran\u0131na sahiptir.<br \/>\nY\u00fcksek protein ihtiyac\u0131n\u0131z\u0131 kar\u015f\u0131lar, sporcular i\u00e7in vazge\u00e7ilmez bir takviyedir.<br \/>\n\u00dcr\u00fcn\u00fcn \u00dczerindeki ya\u011f yer f\u0131nd\u0131\u011f\u0131n do\u011fal ya\u011f\u0131 olup, bozulma belirtisi de\u011fildir.<br \/>\nKar\u0131\u015ft\u0131rarak t\u00fcketiniz.<br \/>\nAlune Antep F\u0131st\u0131\u011f\u0131 Kremas\u0131 ile her tad\u0131mda vazge\u00e7ilmez Alune Antep F\u0131st\u0131\u011f\u0131 tad\u0131n\u0131 hissedersiniz.<br \/>\nCam kavanoz<br \/>\nA\u011f\u0131rl\u0131k:320 gr<\/p>\n","protected":false},"featured_media":4238,"comment_status":"closed","ping_status":"closed","template":"","meta":[],"product_brand":[],"product_cat":[139,64],"product_tag":[],"class_list":{"0":"post-3994","1":"product","2":"type-product","3":"status-publish","4":"has-post-thumbnail","6":"product_cat-antep-fistigi-kremasi","7":"product_cat-ezme","8":"pa_marka-alune","10":"first","11":"instock","12":"shipping-taxable","13":"purchasable","14":"product-type-simple"},"yoast_head":"<!-- This site is optimized with the Yoast SEO Premium plugin v18.8 (Yoast SEO v26.7) - https:\/\/yoast.com\/wordpress\/plugins\/seo\/ -->\n<title>Alune Antep F\u0131st\u0131\u011f\u0131 Kremas\u0131 320 gr - Alune Ezme \u00c7e\u015fitleri<\/title>\n<meta name=\"robots\" content=\"index, follow, max-snippet:-1, max-image-preview:large, max-video-preview:-1\" \/>\n<link rel=\"canonical\" href=\"https:\/\/alune.com.tr\/?product=alune-antep-fistigi-kremasi\" \/>\n<meta property=\"og:locale\" content=\"tr_TR\" \/>\n<meta property=\"og:type\" content=\"article\" \/>\n<meta property=\"og:title\" content=\"Alune Antep F\u0131st\u0131\u011f\u0131 Kremas\u0131 320 gr\" \/>\n<meta property=\"og:description\" content=\"Besin de\u011feri bak\u0131mdan zengin, besyeyici ya\u011f oran\u0131 y\u00fcksek yerli ve Antep F\u0131st\u0131klar\u0131 kullan\u0131larak \u00fcretilmi\u015ftir. Kavrulma derecesi ve i\u015flenme \u015fekli sayesinde besin de\u011feri korunur Tad\u0131 ve k\u0131vam bak\u0131m\u0131ndan lezzetli en iyi kalite Antep F\u0131st\u0131klar\u0131ndan \u00fcretilmi\u015fir. Tazeli\u011fini korumak amac\u0131yla haftal\u0131k \u00fcretim yap\u0131lmaktad\u0131r. S\u00fcr\u00fclebilir kahvalt\u0131larda ve ara \u00f6\u011f\u00fcnlerde keyifle t\u00fcketebilirsiniz Y\u00fcksek lif oran\u0131na sahiptir. Y\u00fcksek protein ihtiyac\u0131n\u0131z\u0131 kar\u015f\u0131lar, sporcular i\u00e7in vazge\u00e7ilmez bir takviyedir. \u00dcr\u00fcn\u00fcn \u00dczerindeki ya\u011f yer f\u0131nd\u0131\u011f\u0131n do\u011fal ya\u011f\u0131 olup, bozulma belirtisi de\u011fildir. Kar\u0131\u015ft\u0131rarak t\u00fcketiniz. Alune Antep F\u0131st\u0131\u011f\u0131 Kremas\u0131 ile her tad\u0131mda vazge\u00e7ilmez Alune Antep F\u0131st\u0131\u011f\u0131 tad\u0131n\u0131 hissedersiniz. Cam kavanoz A\u011f\u0131rl\u0131k:320 gr\" \/>\n<meta property=\"og:url\" content=\"https:\/\/alune.com.tr\/?product=alune-antep-fistigi-kremasi\" \/>\n<meta property=\"og:site_name\" content=\"Alune Ezme \u00c7e\u015fitleri\" \/>\n<meta property=\"article:modified_time\" content=\"2026-03-23T07:15:54+00:00\" \/>\n<meta property=\"og:image\" content=\"https:\/\/alune.com.tr\/wp-content\/uploads\/2025\/05\/antep-fistigi-kremasi-alune.com_.tr_.png\" \/>\n\t<meta property=\"og:image:width\" content=\"1080\" \/>\n\t<meta property=\"og:image:height\" content=\"1080\" \/>\n\t<meta property=\"og:image:type\" content=\"image\/png\" \/>\n<meta name=\"twitter:card\" content=\"summary_large_image\" \/>\n<meta name=\"twitter:site\" content=\"@Aluneezme\" \/>\n<meta name=\"twitter:label1\" content=\"Tahmini okuma s\u00fcresi\" \/>\n\t<meta name=\"twitter:data1\" content=\"1 dakika\" \/>\n<script type=\"application\/ld+json\" class=\"yoast-schema-graph\">{\"@context\":\"https:\/\/schema.org\",\"@graph\":[{\"@type\":[\"WebPage\",\"ItemPage\"],\"@id\":\"https:\/\/alune.com.tr\/?product=alune-antep-fistigi-kremasi\",\"url\":\"https:\/\/alune.com.tr\/?product=alune-antep-fistigi-kremasi\",\"name\":\"Alune Antep F\u0131st\u0131\u011f\u0131 Kremas\u0131 320 gr - Alune Ezme \u00c7e\u015fitleri\",\"isPartOf\":{\"@id\":\"https:\/\/www.alune.com.tr\/#website\"},\"primaryImageOfPage\":{\"@id\":\"https:\/\/alune.com.tr\/?product=alune-antep-fistigi-kremasi#primaryimage\"},\"image\":{\"@id\":\"https:\/\/alune.com.tr\/?product=alune-antep-fistigi-kremasi#primaryimage\"},\"thumbnailUrl\":\"https:\/\/alune.com.tr\/wp-content\/uploads\/2025\/05\/antep-fistigi-kremasi-alune.com_.tr_.png\",\"datePublished\":\"2024-12-18T18:21:43+00:00\",\"dateModified\":\"2026-03-23T07:15:54+00:00\",\"breadcrumb\":{\"@id\":\"https:\/\/alune.com.tr\/?product=alune-antep-fistigi-kremasi#breadcrumb\"},\"inLanguage\":\"tr\",\"potentialAction\":[{\"@type\":\"ReadAction\",\"target\":[\"https:\/\/alune.com.tr\/?product=alune-antep-fistigi-kremasi\"]}]},{\"@type\":\"ImageObject\",\"inLanguage\":\"tr\",\"@id\":\"https:\/\/alune.com.tr\/?product=alune-antep-fistigi-kremasi#primaryimage\",\"url\":\"https:\/\/alune.com.tr\/wp-content\/uploads\/2025\/05\/antep-fistigi-kremasi-alune.com_.tr_.png\",\"contentUrl\":\"https:\/\/alune.com.tr\/wp-content\/uploads\/2025\/05\/antep-fistigi-kremasi-alune.com_.tr_.png\",\"width\":1080,\"height\":1080},{\"@type\":\"BreadcrumbList\",\"@id\":\"https:\/\/alune.com.tr\/?product=alune-antep-fistigi-kremasi#breadcrumb\",\"itemListElement\":[{\"@type\":\"ListItem\",\"position\":1,\"name\":\"Anasayfa\",\"item\":\"https:\/\/alune.com.tr\/\"},{\"@type\":\"ListItem\",\"position\":2,\"name\":\"\u00dcr\u00fcnler\",\"item\":\"https:\/\/www.alune.com.tr\/?page_id=7\"},{\"@type\":\"ListItem\",\"position\":3,\"name\":\"Ezme\",\"item\":\"https:\/\/alune.com.tr\/?product_cat=ezme\"},{\"@type\":\"ListItem\",\"position\":4,\"name\":\"Alune Antep F\u0131st\u0131\u011f\u0131 Kremas\u0131 320 gr\"}]},{\"@type\":\"WebSite\",\"@id\":\"https:\/\/www.alune.com.tr\/#website\",\"url\":\"https:\/\/www.alune.com.tr\/\",\"name\":\"Alune Ezme \u00c7e\u015fitleri\",\"description\":\"\",\"publisher\":{\"@id\":\"https:\/\/www.alune.com.tr\/#organization\"},\"potentialAction\":[{\"@type\":\"SearchAction\",\"target\":{\"@type\":\"EntryPoint\",\"urlTemplate\":\"https:\/\/www.alune.com.tr\/?s={search_term_string}\"},\"query-input\":{\"@type\":\"PropertyValueSpecification\",\"valueRequired\":true,\"valueName\":\"search_term_string\"}}],\"inLanguage\":\"tr\"},{\"@type\":\"Organization\",\"@id\":\"https:\/\/www.alune.com.tr\/#organization\",\"name\":\"Alune\",\"url\":\"https:\/\/www.alune.com.tr\/\",\"logo\":{\"@type\":\"ImageObject\",\"inLanguage\":\"tr\",\"@id\":\"https:\/\/www.alune.com.tr\/#\/schema\/logo\/image\/\",\"url\":\"https:\/\/alune.com.tr\/wp-content\/uploads\/2022\/08\/Alune-Footer1-logo1-1.png\",\"contentUrl\":\"https:\/\/alune.com.tr\/wp-content\/uploads\/2022\/08\/Alune-Footer1-logo1-1.png\",\"width\":320,\"height\":92,\"caption\":\"Alune\"},\"image\":{\"@id\":\"https:\/\/www.alune.com.tr\/#\/schema\/logo\/image\/\"},\"sameAs\":[\"https:\/\/x.com\/Aluneezme\",\"https:\/\/www.instagram.com\/alune.ezme\/\"]}]}<\/script>\n<!-- \/ Yoast SEO Premium plugin. -->","yoast_head_json":{"title":"Alune Antep F\u0131st\u0131\u011f\u0131 Kremas\u0131 320 gr - Alune Ezme \u00c7e\u015fitleri","robots":{"index":"index","follow":"follow","max-snippet":"max-snippet:-1","max-image-preview":"max-image-preview:large","max-video-preview":"max-video-preview:-1"},"canonical":"https:\/\/alune.com.tr\/?product=alune-antep-fistigi-kremasi","og_locale":"tr_TR","og_type":"article","og_title":"Alune Antep F\u0131st\u0131\u011f\u0131 Kremas\u0131 320 gr","og_description":"Besin de\u011feri bak\u0131mdan zengin, besyeyici ya\u011f oran\u0131 y\u00fcksek yerli ve Antep F\u0131st\u0131klar\u0131 kullan\u0131larak \u00fcretilmi\u015ftir. Kavrulma derecesi ve i\u015flenme \u015fekli sayesinde besin de\u011feri korunur Tad\u0131 ve k\u0131vam bak\u0131m\u0131ndan lezzetli en iyi kalite Antep F\u0131st\u0131klar\u0131ndan \u00fcretilmi\u015fir. Tazeli\u011fini korumak amac\u0131yla haftal\u0131k \u00fcretim yap\u0131lmaktad\u0131r. S\u00fcr\u00fclebilir kahvalt\u0131larda ve ara \u00f6\u011f\u00fcnlerde keyifle t\u00fcketebilirsiniz Y\u00fcksek lif oran\u0131na sahiptir. Y\u00fcksek protein ihtiyac\u0131n\u0131z\u0131 kar\u015f\u0131lar, sporcular i\u00e7in vazge\u00e7ilmez bir takviyedir. \u00dcr\u00fcn\u00fcn \u00dczerindeki ya\u011f yer f\u0131nd\u0131\u011f\u0131n do\u011fal ya\u011f\u0131 olup, bozulma belirtisi de\u011fildir. Kar\u0131\u015ft\u0131rarak t\u00fcketiniz. Alune Antep F\u0131st\u0131\u011f\u0131 Kremas\u0131 ile her tad\u0131mda vazge\u00e7ilmez Alune Antep F\u0131st\u0131\u011f\u0131 tad\u0131n\u0131 hissedersiniz. Cam kavanoz A\u011f\u0131rl\u0131k:320 gr","og_url":"https:\/\/alune.com.tr\/?product=alune-antep-fistigi-kremasi","og_site_name":"Alune Ezme \u00c7e\u015fitleri","article_modified_time":"2026-03-23T07:15:54+00:00","og_image":[{"width":1080,"height":1080,"url":"https:\/\/alune.com.tr\/wp-content\/uploads\/2025\/05\/antep-fistigi-kremasi-alune.com_.tr_.png","type":"image\/png"}],"twitter_card":"summary_large_image","twitter_site":"@Aluneezme","twitter_misc":{"Tahmini okuma s\u00fcresi":"1 dakika"},"schema":{"@context":"https:\/\/schema.org","@graph":[{"@type":["WebPage","ItemPage"],"@id":"https:\/\/alune.com.tr\/?product=alune-antep-fistigi-kremasi","url":"https:\/\/alune.com.tr\/?product=alune-antep-fistigi-kremasi","name":"Alune Antep F\u0131st\u0131\u011f\u0131 Kremas\u0131 320 gr - Alune Ezme \u00c7e\u015fitleri","isPartOf":{"@id":"https:\/\/www.alune.com.tr\/#website"},"primaryImageOfPage":{"@id":"https:\/\/alune.com.tr\/?product=alune-antep-fistigi-kremasi#primaryimage"},"image":{"@id":"https:\/\/alune.com.tr\/?product=alune-antep-fistigi-kremasi#primaryimage"},"thumbnailUrl":"https:\/\/alune.com.tr\/wp-content\/uploads\/2025\/05\/antep-fistigi-kremasi-alune.com_.tr_.png","datePublished":"2024-12-18T18:21:43+00:00","dateModified":"2026-03-23T07:15:54+00:00","breadcrumb":{"@id":"https:\/\/alune.com.tr\/?product=alune-antep-fistigi-kremasi#breadcrumb"},"inLanguage":"tr","potentialAction":[{"@type":"ReadAction","target":["https:\/\/alune.com.tr\/?product=alune-antep-fistigi-kremasi"]}]},{"@type":"ImageObject","inLanguage":"tr","@id":"https:\/\/alune.com.tr\/?product=alune-antep-fistigi-kremasi#primaryimage","url":"https:\/\/alune.com.tr\/wp-content\/uploads\/2025\/05\/antep-fistigi-kremasi-alune.com_.tr_.png","contentUrl":"https:\/\/alune.com.tr\/wp-content\/uploads\/2025\/05\/antep-fistigi-kremasi-alune.com_.tr_.png","width":1080,"height":1080},{"@type":"BreadcrumbList","@id":"https:\/\/alune.com.tr\/?product=alune-antep-fistigi-kremasi#breadcrumb","itemListElement":[{"@type":"ListItem","position":1,"name":"Anasayfa","item":"https:\/\/alune.com.tr\/"},{"@type":"ListItem","position":2,"name":"\u00dcr\u00fcnler","item":"https:\/\/www.alune.com.tr\/?page_id=7"},{"@type":"ListItem","position":3,"name":"Ezme","item":"https:\/\/alune.com.tr\/?product_cat=ezme"},{"@type":"ListItem","position":4,"name":"Alune Antep F\u0131st\u0131\u011f\u0131 Kremas\u0131 320 gr"}]},{"@type":"WebSite","@id":"https:\/\/www.alune.com.tr\/#website","url":"https:\/\/www.alune.com.tr\/","name":"Alune Ezme \u00c7e\u015fitleri","description":"","publisher":{"@id":"https:\/\/www.alune.com.tr\/#organization"},"potentialAction":[{"@type":"SearchAction","target":{"@type":"EntryPoint","urlTemplate":"https:\/\/www.alune.com.tr\/?s={search_term_string}"},"query-input":{"@type":"PropertyValueSpecification","valueRequired":true,"valueName":"search_term_string"}}],"inLanguage":"tr"},{"@type":"Organization","@id":"https:\/\/www.alune.com.tr\/#organization","name":"Alune","url":"https:\/\/www.alune.com.tr\/","logo":{"@type":"ImageObject","inLanguage":"tr","@id":"https:\/\/www.alune.com.tr\/#\/schema\/logo\/image\/","url":"https:\/\/alune.com.tr\/wp-content\/uploads\/2022\/08\/Alune-Footer1-logo1-1.png","contentUrl":"https:\/\/alune.com.tr\/wp-content\/uploads\/2022\/08\/Alune-Footer1-logo1-1.png","width":320,"height":92,"caption":"Alune"},"image":{"@id":"https:\/\/www.alune.com.tr\/#\/schema\/logo\/image\/"},"sameAs":["https:\/\/x.com\/Aluneezme","https:\/\/www.instagram.com\/alune.ezme\/"]}]}},"_links":{"self":[{"href":"https:\/\/alune.com.tr\/index.php?rest_route=\/wp\/v2\/product\/3994","targetHints":{"allow":["GET"]}}],"collection":[{"href":"https:\/\/alune.com.tr\/index.php?rest_route=\/wp\/v2\/product"}],"about":[{"href":"https:\/\/alune.com.tr\/index.php?rest_route=\/wp\/v2\/types\/product"}],"replies":[{"embeddable":true,"href":"https:\/\/alune.com.tr\/index.php?rest_route=%2Fwp%2Fv2%2Fcomments&post=3994"}],"wp:featuredmedia":[{"embeddable":true,"href":"https:\/\/alune.com.tr\/index.php?rest_route=\/wp\/v2\/media\/4238"}],"wp:attachment":[{"href":"https:\/\/alune.com.tr\/index.php?rest_route=%2Fwp%2Fv2%2Fmedia&parent=3994"}],"wp:term":[{"taxonomy":"product_brand","embeddable":true,"href":"https:\/\/alune.com.tr\/index.php?rest_route=%2Fwp%2Fv2%2Fproduct_brand&post=3994"},{"taxonomy":"product_cat","embeddable":true,"href":"https:\/\/alune.com.tr\/index.php?rest_route=%2Fwp%2Fv2%2Fproduct_cat&post=3994"},{"taxonomy":"product_tag","embeddable":true,"href":"https:\/\/alune.com.tr\/index.php?rest_route=%2Fwp%2Fv2%2Fproduct_tag&post=3994"}],"curies":[{"name":"wp","href":"https:\/\/api.w.org\/{rel}","templated":true}]}}