{"id":3984,"date":"2024-12-18T18:11:29","date_gmt":"2024-12-18T18:11:29","guid":{"rendered":"https:\/\/www.alune.com.tr\/?post_type=product&#038;p=3984"},"modified":"2026-04-27T08:30:18","modified_gmt":"2026-04-27T08:30:18","slug":"alune-antep-fistigi-ezmesi-320-gr-yogun-lezzet-katkisiz","status":"publish","type":"product","link":"https:\/\/alune.com.tr\/?product=alune-antep-fistigi-ezmesi-320-gr-yogun-lezzet-katkisiz","title":{"rendered":"Alune Antep F\u0131st\u0131\u011f\u0131 Ezmesi 320gr"},"content":{"rendered":"","protected":false},"excerpt":{"rendered":"<p data-start=\"320\" data-end=\"532\">Se\u00e7ilmi\u015f yerli Antep f\u0131st\u0131klar\u0131ndan \u00fcretilen bu \u00f6zel ezme, par\u00e7ac\u0131kl\u0131 dokusu ve yo\u011fun aromas\u0131yla ger\u00e7ek f\u0131st\u0131k lezzetini sunar. Y\u00fcksek protein ve lif i\u00e7eri\u011fi sayesinde kahvalt\u0131 ve ara \u00f6\u011f\u00fcnlerde tercih edilebilir.<\/p>\n<p data-start=\"534\" data-end=\"641\">\u2022 %50 yerli Antep f\u0131st\u0131\u011f\u0131<br data-start=\"589\" data-end=\"592\" \/>\u2022 Y\u00fcksek protein &amp; lif<\/p>\n<blockquote data-path-to-node=\"6\">\n<p data-path-to-node=\"6,0\"><b data-path-to-node=\"6,0\" data-index-in-node=\"0\">Not:<\/b> \u00dczerindeki ya\u011f f\u0131st\u0131\u011f\u0131n kendi do\u011fal ya\u011f\u0131d\u0131r, bozulma de\u011fildir. <b data-path-to-node=\"6,0\" data-index-in-node=\"68\">Kar\u0131\u015ft\u0131rarak t\u00fcketiciniz.<\/b><\/p>\n<\/blockquote>\n<p style=\"font-size: 16px; text-align: justify;\">Cam kavanoz<br \/>\nA\u011f\u0131rl\u0131k: 320 gr<\/p>\n","protected":false},"featured_media":4237,"comment_status":"closed","ping_status":"closed","template":"","meta":[],"product_brand":[],"product_cat":[138,64],"product_tag":[145,146],"class_list":{"0":"post-3984","1":"product","2":"type-product","3":"status-publish","4":"has-post-thumbnail","6":"product_cat-antep-fistigi-ezmesi","7":"product_cat-ezme","8":"product_tag-antep-fitigi","9":"product_tag-ezme","10":"pa_marka-alune","12":"first","13":"instock","14":"shipping-taxable","15":"purchasable","16":"product-type-simple"},"yoast_head":"<!-- This site is optimized with the Yoast SEO Premium plugin v18.8 (Yoast SEO v27.4) - https:\/\/yoast.com\/product\/yoast-seo-premium-wordpress\/ -->\n<title>Alune Antep F\u0131st\u0131\u011f\u0131 Ezmesi 320gr - Alune Ezme \u00c7e\u015fitleri<\/title>\n<meta name=\"description\" content=\"Alune Antep F\u0131st\u0131\u011f\u0131 Ezmesi, yo\u011fun k\u0131vaml\u0131 ve par\u00e7ac\u0131kl\u0131 yap\u0131s\u0131yla \u00f6ne \u00e7\u0131kar. Antep f\u0131st\u0131\u011f\u0131 i\u00e7eri\u011fiyle do\u011fal ve besleyici bir alternatiftir.\" \/>\n<meta name=\"robots\" content=\"index, follow, max-snippet:-1, max-image-preview:large, max-video-preview:-1\" \/>\n<link rel=\"canonical\" href=\"https:\/\/alune.com.tr\/?product=alune-antep-fistigi-ezmesi-320-gr-yogun-lezzet-katkisiz\" \/>\n<meta property=\"og:locale\" content=\"tr_TR\" \/>\n<meta property=\"og:type\" content=\"article\" \/>\n<meta property=\"og:title\" content=\"Alune Antep F\u0131st\u0131\u011f\u0131 Ezmesi 320gr\" \/>\n<meta property=\"og:description\" content=\"Alune Antep F\u0131st\u0131\u011f\u0131 Ezmesi, yo\u011fun k\u0131vaml\u0131 ve par\u00e7ac\u0131kl\u0131 yap\u0131s\u0131yla \u00f6ne \u00e7\u0131kar. Antep f\u0131st\u0131\u011f\u0131 i\u00e7eri\u011fiyle do\u011fal ve besleyici bir alternatiftir.\" \/>\n<meta property=\"og:url\" content=\"https:\/\/alune.com.tr\/?product=alune-antep-fistigi-ezmesi-320-gr-yogun-lezzet-katkisiz\" \/>\n<meta property=\"og:site_name\" content=\"Alune Ezme \u00c7e\u015fitleri\" \/>\n<meta property=\"article:modified_time\" content=\"2026-04-27T08:30:18+00:00\" \/>\n<meta property=\"og:image\" content=\"https:\/\/alune.com.tr\/wp-content\/uploads\/2025\/05\/antep-fistigi-ezmesi-alune.com_.tr_.png\" \/>\n\t<meta property=\"og:image:width\" content=\"1080\" \/>\n\t<meta property=\"og:image:height\" content=\"1080\" \/>\n\t<meta property=\"og:image:type\" content=\"image\/png\" \/>\n<meta name=\"twitter:card\" content=\"summary_large_image\" \/>\n<meta name=\"twitter:site\" content=\"@Aluneezme\" \/>\n<meta name=\"twitter:label1\" content=\"Tahmini okuma s\u00fcresi\" \/>\n\t<meta name=\"twitter:data1\" content=\"1 dakika\" \/>\n<script type=\"application\/ld+json\" class=\"yoast-schema-graph\">{\"@context\":\"https:\\\/\\\/schema.org\",\"@graph\":[{\"@type\":[\"WebPage\",\"ItemPage\"],\"@id\":\"https:\\\/\\\/alune.com.tr\\\/?product=alune-antep-fistigi-ezmesi-320-gr-yogun-lezzet-katkisiz\",\"url\":\"https:\\\/\\\/alune.com.tr\\\/?product=alune-antep-fistigi-ezmesi-320-gr-yogun-lezzet-katkisiz\",\"name\":\"Alune Antep F\u0131st\u0131\u011f\u0131 Ezmesi 320gr - Alune Ezme \u00c7e\u015fitleri\",\"isPartOf\":{\"@id\":\"https:\\\/\\\/www.alune.com.tr\\\/#website\"},\"primaryImageOfPage\":{\"@id\":\"https:\\\/\\\/alune.com.tr\\\/?product=alune-antep-fistigi-ezmesi-320-gr-yogun-lezzet-katkisiz#primaryimage\"},\"image\":{\"@id\":\"https:\\\/\\\/alune.com.tr\\\/?product=alune-antep-fistigi-ezmesi-320-gr-yogun-lezzet-katkisiz#primaryimage\"},\"thumbnailUrl\":\"https:\\\/\\\/alune.com.tr\\\/wp-content\\\/uploads\\\/2025\\\/05\\\/antep-fistigi-ezmesi-alune.com_.tr_.png\",\"datePublished\":\"2024-12-18T18:11:29+00:00\",\"dateModified\":\"2026-04-27T08:30:18+00:00\",\"description\":\"Alune Antep F\u0131st\u0131\u011f\u0131 Ezmesi, yo\u011fun k\u0131vaml\u0131 ve par\u00e7ac\u0131kl\u0131 yap\u0131s\u0131yla \u00f6ne \u00e7\u0131kar. Antep f\u0131st\u0131\u011f\u0131 i\u00e7eri\u011fiyle do\u011fal ve besleyici bir alternatiftir.\",\"breadcrumb\":{\"@id\":\"https:\\\/\\\/alune.com.tr\\\/?product=alune-antep-fistigi-ezmesi-320-gr-yogun-lezzet-katkisiz#breadcrumb\"},\"inLanguage\":\"tr\",\"potentialAction\":[{\"@type\":\"ReadAction\",\"target\":[\"https:\\\/\\\/alune.com.tr\\\/?product=alune-antep-fistigi-ezmesi-320-gr-yogun-lezzet-katkisiz\"]}]},{\"@type\":\"ImageObject\",\"inLanguage\":\"tr\",\"@id\":\"https:\\\/\\\/alune.com.tr\\\/?product=alune-antep-fistigi-ezmesi-320-gr-yogun-lezzet-katkisiz#primaryimage\",\"url\":\"https:\\\/\\\/alune.com.tr\\\/wp-content\\\/uploads\\\/2025\\\/05\\\/antep-fistigi-ezmesi-alune.com_.tr_.png\",\"contentUrl\":\"https:\\\/\\\/alune.com.tr\\\/wp-content\\\/uploads\\\/2025\\\/05\\\/antep-fistigi-ezmesi-alune.com_.tr_.png\",\"width\":1080,\"height\":1080},{\"@type\":\"BreadcrumbList\",\"@id\":\"https:\\\/\\\/alune.com.tr\\\/?product=alune-antep-fistigi-ezmesi-320-gr-yogun-lezzet-katkisiz#breadcrumb\",\"itemListElement\":[{\"@type\":\"ListItem\",\"position\":1,\"name\":\"Anasayfa\",\"item\":\"https:\\\/\\\/alune.com.tr\\\/\"},{\"@type\":\"ListItem\",\"position\":2,\"name\":\"\u00dcr\u00fcnler\",\"item\":\"https:\\\/\\\/www.alune.com.tr\\\/?page_id=7\"},{\"@type\":\"ListItem\",\"position\":3,\"name\":\"Ezme\",\"item\":\"https:\\\/\\\/alune.com.tr\\\/?product_cat=ezme\"},{\"@type\":\"ListItem\",\"position\":4,\"name\":\"Alune Antep F\u0131st\u0131\u011f\u0131 Ezmesi 320gr\"}]},{\"@type\":\"WebSite\",\"@id\":\"https:\\\/\\\/www.alune.com.tr\\\/#website\",\"url\":\"https:\\\/\\\/www.alune.com.tr\\\/\",\"name\":\"Alune Ezme \u00c7e\u015fitleri\",\"description\":\"\",\"publisher\":{\"@id\":\"https:\\\/\\\/www.alune.com.tr\\\/#organization\"},\"potentialAction\":[{\"@type\":\"SearchAction\",\"target\":{\"@type\":\"EntryPoint\",\"urlTemplate\":\"https:\\\/\\\/www.alune.com.tr\\\/?s={search_term_string}\"},\"query-input\":{\"@type\":\"PropertyValueSpecification\",\"valueRequired\":true,\"valueName\":\"search_term_string\"}}],\"inLanguage\":\"tr\"},{\"@type\":\"Organization\",\"@id\":\"https:\\\/\\\/www.alune.com.tr\\\/#organization\",\"name\":\"Alune\",\"url\":\"https:\\\/\\\/www.alune.com.tr\\\/\",\"logo\":{\"@type\":\"ImageObject\",\"inLanguage\":\"tr\",\"@id\":\"https:\\\/\\\/www.alune.com.tr\\\/#\\\/schema\\\/logo\\\/image\\\/\",\"url\":\"https:\\\/\\\/alune.com.tr\\\/wp-content\\\/uploads\\\/2022\\\/08\\\/Alune-Footer1-logo1-1.png\",\"contentUrl\":\"https:\\\/\\\/alune.com.tr\\\/wp-content\\\/uploads\\\/2022\\\/08\\\/Alune-Footer1-logo1-1.png\",\"width\":320,\"height\":92,\"caption\":\"Alune\"},\"image\":{\"@id\":\"https:\\\/\\\/www.alune.com.tr\\\/#\\\/schema\\\/logo\\\/image\\\/\"},\"sameAs\":[\"https:\\\/\\\/x.com\\\/Aluneezme\",\"https:\\\/\\\/www.instagram.com\\\/alune.ezme\\\/\"]}]}<\/script>\n<!-- \/ Yoast SEO Premium plugin. -->","yoast_head_json":{"title":"Alune Antep F\u0131st\u0131\u011f\u0131 Ezmesi 320gr - Alune Ezme \u00c7e\u015fitleri","description":"Alune Antep F\u0131st\u0131\u011f\u0131 Ezmesi, yo\u011fun k\u0131vaml\u0131 ve par\u00e7ac\u0131kl\u0131 yap\u0131s\u0131yla \u00f6ne \u00e7\u0131kar. Antep f\u0131st\u0131\u011f\u0131 i\u00e7eri\u011fiyle do\u011fal ve besleyici bir alternatiftir.","robots":{"index":"index","follow":"follow","max-snippet":"max-snippet:-1","max-image-preview":"max-image-preview:large","max-video-preview":"max-video-preview:-1"},"canonical":"https:\/\/alune.com.tr\/?product=alune-antep-fistigi-ezmesi-320-gr-yogun-lezzet-katkisiz","og_locale":"tr_TR","og_type":"article","og_title":"Alune Antep F\u0131st\u0131\u011f\u0131 Ezmesi 320gr","og_description":"Alune Antep F\u0131st\u0131\u011f\u0131 Ezmesi, yo\u011fun k\u0131vaml\u0131 ve par\u00e7ac\u0131kl\u0131 yap\u0131s\u0131yla \u00f6ne \u00e7\u0131kar. Antep f\u0131st\u0131\u011f\u0131 i\u00e7eri\u011fiyle do\u011fal ve besleyici bir alternatiftir.","og_url":"https:\/\/alune.com.tr\/?product=alune-antep-fistigi-ezmesi-320-gr-yogun-lezzet-katkisiz","og_site_name":"Alune Ezme \u00c7e\u015fitleri","article_modified_time":"2026-04-27T08:30:18+00:00","og_image":[{"width":1080,"height":1080,"url":"https:\/\/alune.com.tr\/wp-content\/uploads\/2025\/05\/antep-fistigi-ezmesi-alune.com_.tr_.png","type":"image\/png"}],"twitter_card":"summary_large_image","twitter_site":"@Aluneezme","twitter_misc":{"Tahmini okuma s\u00fcresi":"1 dakika"},"schema":{"@context":"https:\/\/schema.org","@graph":[{"@type":["WebPage","ItemPage"],"@id":"https:\/\/alune.com.tr\/?product=alune-antep-fistigi-ezmesi-320-gr-yogun-lezzet-katkisiz","url":"https:\/\/alune.com.tr\/?product=alune-antep-fistigi-ezmesi-320-gr-yogun-lezzet-katkisiz","name":"Alune Antep F\u0131st\u0131\u011f\u0131 Ezmesi 320gr - Alune Ezme \u00c7e\u015fitleri","isPartOf":{"@id":"https:\/\/www.alune.com.tr\/#website"},"primaryImageOfPage":{"@id":"https:\/\/alune.com.tr\/?product=alune-antep-fistigi-ezmesi-320-gr-yogun-lezzet-katkisiz#primaryimage"},"image":{"@id":"https:\/\/alune.com.tr\/?product=alune-antep-fistigi-ezmesi-320-gr-yogun-lezzet-katkisiz#primaryimage"},"thumbnailUrl":"https:\/\/alune.com.tr\/wp-content\/uploads\/2025\/05\/antep-fistigi-ezmesi-alune.com_.tr_.png","datePublished":"2024-12-18T18:11:29+00:00","dateModified":"2026-04-27T08:30:18+00:00","description":"Alune Antep F\u0131st\u0131\u011f\u0131 Ezmesi, yo\u011fun k\u0131vaml\u0131 ve par\u00e7ac\u0131kl\u0131 yap\u0131s\u0131yla \u00f6ne \u00e7\u0131kar. Antep f\u0131st\u0131\u011f\u0131 i\u00e7eri\u011fiyle do\u011fal ve besleyici bir alternatiftir.","breadcrumb":{"@id":"https:\/\/alune.com.tr\/?product=alune-antep-fistigi-ezmesi-320-gr-yogun-lezzet-katkisiz#breadcrumb"},"inLanguage":"tr","potentialAction":[{"@type":"ReadAction","target":["https:\/\/alune.com.tr\/?product=alune-antep-fistigi-ezmesi-320-gr-yogun-lezzet-katkisiz"]}]},{"@type":"ImageObject","inLanguage":"tr","@id":"https:\/\/alune.com.tr\/?product=alune-antep-fistigi-ezmesi-320-gr-yogun-lezzet-katkisiz#primaryimage","url":"https:\/\/alune.com.tr\/wp-content\/uploads\/2025\/05\/antep-fistigi-ezmesi-alune.com_.tr_.png","contentUrl":"https:\/\/alune.com.tr\/wp-content\/uploads\/2025\/05\/antep-fistigi-ezmesi-alune.com_.tr_.png","width":1080,"height":1080},{"@type":"BreadcrumbList","@id":"https:\/\/alune.com.tr\/?product=alune-antep-fistigi-ezmesi-320-gr-yogun-lezzet-katkisiz#breadcrumb","itemListElement":[{"@type":"ListItem","position":1,"name":"Anasayfa","item":"https:\/\/alune.com.tr\/"},{"@type":"ListItem","position":2,"name":"\u00dcr\u00fcnler","item":"https:\/\/www.alune.com.tr\/?page_id=7"},{"@type":"ListItem","position":3,"name":"Ezme","item":"https:\/\/alune.com.tr\/?product_cat=ezme"},{"@type":"ListItem","position":4,"name":"Alune Antep F\u0131st\u0131\u011f\u0131 Ezmesi 320gr"}]},{"@type":"WebSite","@id":"https:\/\/www.alune.com.tr\/#website","url":"https:\/\/www.alune.com.tr\/","name":"Alune Ezme \u00c7e\u015fitleri","description":"","publisher":{"@id":"https:\/\/www.alune.com.tr\/#organization"},"potentialAction":[{"@type":"SearchAction","target":{"@type":"EntryPoint","urlTemplate":"https:\/\/www.alune.com.tr\/?s={search_term_string}"},"query-input":{"@type":"PropertyValueSpecification","valueRequired":true,"valueName":"search_term_string"}}],"inLanguage":"tr"},{"@type":"Organization","@id":"https:\/\/www.alune.com.tr\/#organization","name":"Alune","url":"https:\/\/www.alune.com.tr\/","logo":{"@type":"ImageObject","inLanguage":"tr","@id":"https:\/\/www.alune.com.tr\/#\/schema\/logo\/image\/","url":"https:\/\/alune.com.tr\/wp-content\/uploads\/2022\/08\/Alune-Footer1-logo1-1.png","contentUrl":"https:\/\/alune.com.tr\/wp-content\/uploads\/2022\/08\/Alune-Footer1-logo1-1.png","width":320,"height":92,"caption":"Alune"},"image":{"@id":"https:\/\/www.alune.com.tr\/#\/schema\/logo\/image\/"},"sameAs":["https:\/\/x.com\/Aluneezme","https:\/\/www.instagram.com\/alune.ezme\/"]}]}},"_links":{"self":[{"href":"https:\/\/alune.com.tr\/index.php?rest_route=\/wp\/v2\/product\/3984","targetHints":{"allow":["GET"]}}],"collection":[{"href":"https:\/\/alune.com.tr\/index.php?rest_route=\/wp\/v2\/product"}],"about":[{"href":"https:\/\/alune.com.tr\/index.php?rest_route=\/wp\/v2\/types\/product"}],"replies":[{"embeddable":true,"href":"https:\/\/alune.com.tr\/index.php?rest_route=%2Fwp%2Fv2%2Fcomments&post=3984"}],"wp:featuredmedia":[{"embeddable":true,"href":"https:\/\/alune.com.tr\/index.php?rest_route=\/wp\/v2\/media\/4237"}],"wp:attachment":[{"href":"https:\/\/alune.com.tr\/index.php?rest_route=%2Fwp%2Fv2%2Fmedia&parent=3984"}],"wp:term":[{"taxonomy":"product_brand","embeddable":true,"href":"https:\/\/alune.com.tr\/index.php?rest_route=%2Fwp%2Fv2%2Fproduct_brand&post=3984"},{"taxonomy":"product_cat","embeddable":true,"href":"https:\/\/alune.com.tr\/index.php?rest_route=%2Fwp%2Fv2%2Fproduct_cat&post=3984"},{"taxonomy":"product_tag","embeddable":true,"href":"https:\/\/alune.com.tr\/index.php?rest_route=%2Fwp%2Fv2%2Fproduct_tag&post=3984"}],"curies":[{"name":"wp","href":"https:\/\/api.w.org\/{rel}","templated":true}]}}