{"id":3459,"date":"2023-02-21T15:05:16","date_gmt":"2023-02-21T15:05:16","guid":{"rendered":"https:\/\/www.alune.com.tr\/?post_type=product&#038;p=3459"},"modified":"2026-03-23T07:54:13","modified_gmt":"2026-03-23T07:54:13","slug":"alune-fistik-ezmesi-parcacikli-ikili","status":"publish","type":"product","link":"https:\/\/alune.com.tr\/?product=alune-fistik-ezmesi-parcacikli-ikili","title":{"rendered":"Alune F\u0131st\u0131k Ezmesi Par\u00e7ac\u0131kl\u0131 2&#8217;li"},"content":{"rendered":"<h5>Alune F\u0131st\u0131k Ezmesi Par\u00e7ac\u0131kl\u0131 360 gr<\/h5>\n<p>Alune \u015eekerli F\u0131st\u0131k Ezmesi Besin de\u011feri bak\u0131mdan zengin, besleyici ya\u011f oran\u0131 y\u00fcksek olan <a href=\"https:\/\/www.alune.com.tr\/fistik-ezmesi\/neden-osmaniye-fistigi\/\">Osmaniye<\/a> f\u0131st\u0131klar\u0131 ile \u00fcretilmi\u015ftir. F\u0131st\u0131k \u00fcretimi bak\u0131m\u0131ndan, zengin toprak minerallerine sahip uygun hava s\u0131cakl\u0131\u011f\u0131 ve iklim ko\u015fullar\u0131n\u0131n sa\u011fland\u0131\u011f\u0131 \u00c7ukurova b\u00f6lgesinde ya\u011f ve besin de\u011ferleri ele al\u0131nd\u0131\u011f\u0131nda d\u00fcnyan\u0131n en lezzetli yer f\u0131st\u0131klar\u0131 yeti\u015fmektedir.<br \/>\nKavrulma derecesi ve yer f\u0131st\u0131\u011f\u0131n\u0131n lezzetli yap\u0131s\u0131 sayesinde yer f\u0131st\u0131\u011f\u0131n\u0131n tad\u0131 daha tatl\u0131 ve rengi daha a\u00e7\u0131kt\u0131r.<br \/>\n\u00dcr\u00fcn\u00fcn \u00fczerindeki ya\u011f yer f\u0131st\u0131\u011f\u0131n\u0131n do\u011fal ya\u011f\u0131 olup, bozulma belirtisi de\u011fildir.<br \/>\nKar\u0131\u015ft\u0131rarak t\u00fcketiniz.<\/p>\n<h4>Besin De\u011ferleri<\/h4>\n<h4>Her 100 gr da<\/h4>\n<p><strong>Enerji:\u00a0 654kcal<\/strong><br \/>\n<strong>Protein :\u00a0 26gr<\/strong><br \/>\n<strong>Besleyici Ya\u011f: 5,4 gr<\/strong><br \/>\n<strong>Lif:\u00a0 8,5gr<\/strong><\/p>\n<h4>\u00dcr\u00fcn \u00d6zellikleri:<\/h4>\n<ul>\n<li>Alune F\u0131st\u0131k ezmesi &#8220;Co\u011frafi \u0130\u015faretli&#8221; \u00fcr\u00fcnd\u00fcr.<\/li>\n<li>F\u0131st\u0131\u011f\u0131n en fazla \u00fcretildi\u011fi Osmaniye ilinde \u00fcretim yap\u0131l\u0131r.<\/li>\n<li>Haftal\u0131k olarak \u00fcretilir taze olarak size ula\u015ft\u0131r\u0131l\u0131r.<\/li>\n<li>\u00a0F\u0131st\u0131\u011f\u0131n yap\u0131s\u0131 itibari ile lezzetli ve besin de\u011feri y\u00fcksektir<\/li>\n<li>Y\u00fcksek lif ve protein oran\u0131na sahiptir.<\/li>\n<li>Gluten i\u00e7ermez.<\/li>\n<li>Par\u00e7ac\u0131kl\u0131 bir yap\u0131ya sahiptir.<\/li>\n<li>\u00dcr\u00fcn\u00fcn \u00fczerinde biriken ya\u011f f\u0131st\u0131\u011f\u0131n kendi ya\u011f\u0131d\u0131r, besleyici ve sa\u011fl\u0131kl\u0131d\u0131r.<\/li>\n<\/ul>\n<p><strong>\u00dcr\u00fcn\u00fc a\u00e7t\u0131ktan sonra kar\u0131\u015ft\u0131rarak t\u00fcketilmesi tavsiye edilir.\u00a0<\/strong><\/p>\n<p style=\"font-size: 16px; text-align: justify;\">F\u0131st\u0131k \u00fcretimi bak\u0131m\u0131ndan, zengin toprak minerallerine sahip uygun hava s\u0131cakl\u0131\u011f\u0131 ve iklim ko\u015fullar\u0131n\u0131n sa\u011fland\u0131\u011f\u0131 \u00c7ukurova b\u00f6lgesinde ya\u011f ve besin de\u011ferleri ele al\u0131nd\u0131\u011f\u0131nda d\u00fcnyan\u0131n en lezzetli yer f\u0131st\u0131klar\u0131 yeti\u015fmektedir.<br \/>\nKavrulma derecesi ve yer f\u0131st\u0131\u011f\u0131n\u0131n lezzetli yap\u0131s\u0131 sayesinde yer f\u0131st\u0131\u011f\u0131n\u0131n tad\u0131 daha tatl\u0131 ve rengi daha a\u00e7\u0131kt\u0131r.<br \/>\nAlune Max \u015eekersiz F\u0131st\u0131k Ezmesi co\u011frafi i\u015faretli \u00fcr\u00fcn olup %100 Osmaniye f\u0131st\u0131klar\u0131ndan \u00fcretilmi\u015ftir.<\/p>\n<p style=\"font-size: 16px; text-align: justify;\">T\u00fcrkiye&#8217;nin tek Osmaniye \u00fcretimli co\u011frafi i\u015faretli f\u0131st\u0131k ezmesi markas\u0131d\u0131r.<\/p>\n<p><strong>.\u00a0<\/strong><\/p>\n<p><a href=\"https:\/\/www.alune.com.tr\/\">Alune<\/a> \u00dcr\u00fcnleri hakk\u0131nda daha fazla bilgi ve <a href=\"https:\/\/www.alune.com.tr\/urunler-ezme-cesitleri\/\">\u00fcretim<\/a> s\u00fcrecimiz hakk\u0131nda bilgi almak i\u00e7in bizimle <a href=\"https:\/\/www.alune.com.tr\/alune-destek-ve-iletisim-sayfasi\/\">ileti\u015fime<\/a> ge\u00e7in.<\/p>\n<p>Bizi instagramdan <a href=\"https:\/\/www.instagram.com\/alune.ezme\/\">takip<\/a> edin.<\/p>\n","protected":false},"excerpt":{"rendered":"<h5>Alune F\u0131st\u0131k Ezmesi Par\u00e7ac\u0131kl\u0131 360 gr<\/h5>\n<p>Alune \u015eekerli F\u0131st\u0131k Ezmesi Besin de\u011feri bak\u0131mdan zengin, besleyici ya\u011f oran\u0131 y\u00fcksek olan <a href=\"https:\/\/www.alune.com.tr\/fistik-ezmesi\/neden-osmaniye-fistigi\/\">Osmaniye<\/a> f\u0131st\u0131klar\u0131 ile \u00fcretilmi\u015ftir. F\u0131st\u0131k \u00fcretimi bak\u0131m\u0131ndan, zengin toprak minerallerine sahip uygun hava s\u0131cakl\u0131\u011f\u0131 ve iklim ko\u015fullar\u0131n\u0131n sa\u011fland\u0131\u011f\u0131 \u00c7ukurova b\u00f6lgesinde ya\u011f ve besin de\u011ferleri ele al\u0131nd\u0131\u011f\u0131nda d\u00fcnyan\u0131n en lezzetli yer f\u0131st\u0131klar\u0131 yeti\u015fmektedir.<br \/>\nKavrulma derecesi ve yer f\u0131st\u0131\u011f\u0131n\u0131n lezzetli yap\u0131s\u0131 sayesinde yer f\u0131st\u0131\u011f\u0131n\u0131n tad\u0131 daha tatl\u0131 ve rengi daha a\u00e7\u0131kt\u0131r.<br \/>\n\u00dcr\u00fcn\u00fcn \u00fczerindeki ya\u011f yer f\u0131st\u0131\u011f\u0131n\u0131n do\u011fal ya\u011f\u0131 olup, bozulma belirtisi de\u011fildir.<br \/>\nKar\u0131\u015ft\u0131rarak t\u00fcketiniz.<\/p>\n<h4>Besin De\u011ferleri<\/h4>\n<h4>Her 100 gr da<\/h4>\n<p><strong>Enerji:\u00a0 654kcal<\/strong><br \/>\n<strong>Protein :\u00a0 26gr<\/strong><br \/>\n<strong>Besleyici Ya\u011f: 5,4 gr<\/strong><br \/>\n<strong>Lif:\u00a0 8,5gr<\/strong><\/p>\n<h4>\u00dcr\u00fcn \u00d6zellikleri:<\/h4>\n<ul>\n<li>Alune F\u0131st\u0131k ezmesi &#8220;Co\u011frafi \u0130\u015faretli&#8221; \u00fcr\u00fcnd\u00fcr.<\/li>\n<li>F\u0131st\u0131\u011f\u0131n en fazla \u00fcretildi\u011fi Osmaniye ilinde \u00fcretim yap\u0131l\u0131r.<\/li>\n<li>Haftal\u0131k olarak \u00fcretilir taze olarak size ula\u015ft\u0131r\u0131l\u0131r.<\/li>\n<li>\u00a0F\u0131st\u0131\u011f\u0131n yap\u0131s\u0131 itibari ile lezzetli ve besin de\u011feri y\u00fcksektir<\/li>\n<li>Y\u00fcksek lif ve protein oran\u0131na sahiptir.<\/li>\n<li>Gluten i\u00e7ermez.<\/li>\n<li>Par\u00e7ac\u0131kl\u0131 bir yap\u0131ya sahiptir.<\/li>\n<li>\u00dcr\u00fcn\u00fcn \u00fczerinde biriken ya\u011f f\u0131st\u0131\u011f\u0131n kendi ya\u011f\u0131d\u0131r, besleyici ve sa\u011fl\u0131kl\u0131d\u0131r.<\/li>\n<\/ul>\n","protected":false},"featured_media":3461,"comment_status":"closed","ping_status":"closed","template":"","meta":[],"product_brand":[],"product_cat":[67],"product_tag":[],"class_list":{"0":"post-3459","1":"product","2":"type-product","3":"status-publish","4":"has-post-thumbnail","6":"product_cat-fistik-ezmesi","8":"first","9":"instock","10":"shipping-taxable","11":"purchasable","12":"product-type-simple"},"yoast_head":"<!-- This site is optimized with the Yoast SEO Premium plugin v18.8 (Yoast SEO v27.4) - https:\/\/yoast.com\/product\/yoast-seo-premium-wordpress\/ -->\n<title>Alune F\u0131st\u0131k Ezmesi Par\u00e7ac\u0131kl\u0131 2&#039;li - Alune Ezme \u00c7e\u015fitleri<\/title>\n<meta name=\"robots\" content=\"index, follow, max-snippet:-1, max-image-preview:large, max-video-preview:-1\" \/>\n<link rel=\"canonical\" href=\"https:\/\/alune.com.tr\/?product=alune-fistik-ezmesi-parcacikli-ikili\" \/>\n<meta property=\"og:locale\" content=\"tr_TR\" \/>\n<meta property=\"og:type\" content=\"article\" \/>\n<meta property=\"og:title\" content=\"Alune F\u0131st\u0131k Ezmesi Par\u00e7ac\u0131kl\u0131 2&#039;li\" \/>\n<meta property=\"og:description\" content=\"Alune F\u0131st\u0131k Ezmesi Par\u00e7ac\u0131kl\u0131 360 gr Alune \u015eekerli F\u0131st\u0131k Ezmesi Besin de\u011feri bak\u0131mdan zengin, besleyici ya\u011f oran\u0131 y\u00fcksek olan Osmaniye f\u0131st\u0131klar\u0131 ile \u00fcretilmi\u015ftir. F\u0131st\u0131k \u00fcretimi bak\u0131m\u0131ndan, zengin toprak minerallerine sahip uygun hava s\u0131cakl\u0131\u011f\u0131 ve iklim ko\u015fullar\u0131n\u0131n sa\u011fland\u0131\u011f\u0131 \u00c7ukurova b\u00f6lgesinde ya\u011f ve besin de\u011ferleri ele al\u0131nd\u0131\u011f\u0131nda d\u00fcnyan\u0131n en lezzetli yer f\u0131st\u0131klar\u0131 yeti\u015fmektedir. Kavrulma derecesi ve yer f\u0131st\u0131\u011f\u0131n\u0131n lezzetli yap\u0131s\u0131 sayesinde yer f\u0131st\u0131\u011f\u0131n\u0131n tad\u0131 daha tatl\u0131 ve rengi daha a\u00e7\u0131kt\u0131r. \u00dcr\u00fcn\u00fcn \u00fczerindeki ya\u011f yer f\u0131st\u0131\u011f\u0131n\u0131n do\u011fal ya\u011f\u0131 olup, bozulma belirtisi de\u011fildir. Kar\u0131\u015ft\u0131rarak t\u00fcketiniz. Besin De\u011ferleri Her 100 gr da Enerji:\u00a0 654kcal Protein :\u00a0 26gr Besleyici Ya\u011f: 5,4 gr Lif:\u00a0 8,5gr \u00dcr\u00fcn \u00d6zellikleri:   Alune F\u0131st\u0131k ezmesi &quot;Co\u011frafi \u0130\u015faretli&quot; \u00fcr\u00fcnd\u00fcr.  F\u0131st\u0131\u011f\u0131n en fazla \u00fcretildi\u011fi Osmaniye ilinde \u00fcretim yap\u0131l\u0131r.  Haftal\u0131k olarak \u00fcretilir taze olarak size ula\u015ft\u0131r\u0131l\u0131r.  \u00a0F\u0131st\u0131\u011f\u0131n yap\u0131s\u0131 itibari ile lezzetli ve besin de\u011feri y\u00fcksektir  Y\u00fcksek lif ve protein oran\u0131na sahiptir.  Gluten i\u00e7ermez.  Par\u00e7ac\u0131kl\u0131 bir yap\u0131ya sahiptir.  \u00dcr\u00fcn\u00fcn \u00fczerinde biriken ya\u011f f\u0131st\u0131\u011f\u0131n kendi ya\u011f\u0131d\u0131r, besleyici ve sa\u011fl\u0131kl\u0131d\u0131r.\" \/>\n<meta property=\"og:url\" content=\"https:\/\/alune.com.tr\/?product=alune-fistik-ezmesi-parcacikli-ikili\" \/>\n<meta property=\"og:site_name\" content=\"Alune Ezme \u00c7e\u015fitleri\" \/>\n<meta property=\"article:modified_time\" content=\"2026-03-23T07:54:13+00:00\" \/>\n<meta property=\"og:image\" content=\"https:\/\/alune.com.tr\/wp-content\/uploads\/2023\/02\/alune-fistik-ezmesi.webp\" \/>\n\t<meta property=\"og:image:width\" content=\"1040\" \/>\n\t<meta property=\"og:image:height\" content=\"948\" \/>\n\t<meta property=\"og:image:type\" content=\"image\/webp\" \/>\n<meta name=\"twitter:card\" content=\"summary_large_image\" \/>\n<meta name=\"twitter:site\" content=\"@Aluneezme\" \/>\n<meta name=\"twitter:label1\" content=\"Tahmini okuma s\u00fcresi\" \/>\n\t<meta name=\"twitter:data1\" content=\"2 dakika\" \/>\n<script type=\"application\/ld+json\" class=\"yoast-schema-graph\">{\"@context\":\"https:\\\/\\\/schema.org\",\"@graph\":[{\"@type\":[\"WebPage\",\"ItemPage\"],\"@id\":\"https:\\\/\\\/alune.com.tr\\\/?product=alune-fistik-ezmesi-parcacikli-ikili\",\"url\":\"https:\\\/\\\/alune.com.tr\\\/?product=alune-fistik-ezmesi-parcacikli-ikili\",\"name\":\"Alune F\u0131st\u0131k Ezmesi Par\u00e7ac\u0131kl\u0131 2'li - Alune Ezme \u00c7e\u015fitleri\",\"isPartOf\":{\"@id\":\"https:\\\/\\\/www.alune.com.tr\\\/#website\"},\"primaryImageOfPage\":{\"@id\":\"https:\\\/\\\/alune.com.tr\\\/?product=alune-fistik-ezmesi-parcacikli-ikili#primaryimage\"},\"image\":{\"@id\":\"https:\\\/\\\/alune.com.tr\\\/?product=alune-fistik-ezmesi-parcacikli-ikili#primaryimage\"},\"thumbnailUrl\":\"https:\\\/\\\/alune.com.tr\\\/wp-content\\\/uploads\\\/2023\\\/02\\\/alune-fistik-ezmesi.webp\",\"datePublished\":\"2023-02-21T15:05:16+00:00\",\"dateModified\":\"2026-03-23T07:54:13+00:00\",\"breadcrumb\":{\"@id\":\"https:\\\/\\\/alune.com.tr\\\/?product=alune-fistik-ezmesi-parcacikli-ikili#breadcrumb\"},\"inLanguage\":\"tr\",\"potentialAction\":[{\"@type\":\"ReadAction\",\"target\":[\"https:\\\/\\\/alune.com.tr\\\/?product=alune-fistik-ezmesi-parcacikli-ikili\"]}]},{\"@type\":\"ImageObject\",\"inLanguage\":\"tr\",\"@id\":\"https:\\\/\\\/alune.com.tr\\\/?product=alune-fistik-ezmesi-parcacikli-ikili#primaryimage\",\"url\":\"https:\\\/\\\/alune.com.tr\\\/wp-content\\\/uploads\\\/2023\\\/02\\\/alune-fistik-ezmesi.webp\",\"contentUrl\":\"https:\\\/\\\/alune.com.tr\\\/wp-content\\\/uploads\\\/2023\\\/02\\\/alune-fistik-ezmesi.webp\",\"width\":1040,\"height\":948},{\"@type\":\"BreadcrumbList\",\"@id\":\"https:\\\/\\\/alune.com.tr\\\/?product=alune-fistik-ezmesi-parcacikli-ikili#breadcrumb\",\"itemListElement\":[{\"@type\":\"ListItem\",\"position\":1,\"name\":\"Anasayfa\",\"item\":\"https:\\\/\\\/alune.com.tr\\\/\"},{\"@type\":\"ListItem\",\"position\":2,\"name\":\"\u00dcr\u00fcnler\",\"item\":\"https:\\\/\\\/www.alune.com.tr\\\/?page_id=7\"},{\"@type\":\"ListItem\",\"position\":3,\"name\":\"F\u0131st\u0131k Ezmesi\",\"item\":\"https:\\\/\\\/alune.com.tr\\\/?product_cat=fistik-ezmesi\"},{\"@type\":\"ListItem\",\"position\":4,\"name\":\"Alune F\u0131st\u0131k Ezmesi Par\u00e7ac\u0131kl\u0131 2&#8217;li\"}]},{\"@type\":\"WebSite\",\"@id\":\"https:\\\/\\\/www.alune.com.tr\\\/#website\",\"url\":\"https:\\\/\\\/www.alune.com.tr\\\/\",\"name\":\"Alune Ezme \u00c7e\u015fitleri\",\"description\":\"\",\"publisher\":{\"@id\":\"https:\\\/\\\/www.alune.com.tr\\\/#organization\"},\"potentialAction\":[{\"@type\":\"SearchAction\",\"target\":{\"@type\":\"EntryPoint\",\"urlTemplate\":\"https:\\\/\\\/www.alune.com.tr\\\/?s={search_term_string}\"},\"query-input\":{\"@type\":\"PropertyValueSpecification\",\"valueRequired\":true,\"valueName\":\"search_term_string\"}}],\"inLanguage\":\"tr\"},{\"@type\":\"Organization\",\"@id\":\"https:\\\/\\\/www.alune.com.tr\\\/#organization\",\"name\":\"Alune\",\"url\":\"https:\\\/\\\/www.alune.com.tr\\\/\",\"logo\":{\"@type\":\"ImageObject\",\"inLanguage\":\"tr\",\"@id\":\"https:\\\/\\\/www.alune.com.tr\\\/#\\\/schema\\\/logo\\\/image\\\/\",\"url\":\"https:\\\/\\\/alune.com.tr\\\/wp-content\\\/uploads\\\/2022\\\/08\\\/Alune-Footer1-logo1-1.png\",\"contentUrl\":\"https:\\\/\\\/alune.com.tr\\\/wp-content\\\/uploads\\\/2022\\\/08\\\/Alune-Footer1-logo1-1.png\",\"width\":320,\"height\":92,\"caption\":\"Alune\"},\"image\":{\"@id\":\"https:\\\/\\\/www.alune.com.tr\\\/#\\\/schema\\\/logo\\\/image\\\/\"},\"sameAs\":[\"https:\\\/\\\/x.com\\\/Aluneezme\",\"https:\\\/\\\/www.instagram.com\\\/alune.ezme\\\/\"]}]}<\/script>\n<!-- \/ Yoast SEO Premium plugin. -->","yoast_head_json":{"title":"Alune F\u0131st\u0131k Ezmesi Par\u00e7ac\u0131kl\u0131 2'li - Alune Ezme \u00c7e\u015fitleri","robots":{"index":"index","follow":"follow","max-snippet":"max-snippet:-1","max-image-preview":"max-image-preview:large","max-video-preview":"max-video-preview:-1"},"canonical":"https:\/\/alune.com.tr\/?product=alune-fistik-ezmesi-parcacikli-ikili","og_locale":"tr_TR","og_type":"article","og_title":"Alune F\u0131st\u0131k Ezmesi Par\u00e7ac\u0131kl\u0131 2'li","og_description":"Alune F\u0131st\u0131k Ezmesi Par\u00e7ac\u0131kl\u0131 360 gr Alune \u015eekerli F\u0131st\u0131k Ezmesi Besin de\u011feri bak\u0131mdan zengin, besleyici ya\u011f oran\u0131 y\u00fcksek olan Osmaniye f\u0131st\u0131klar\u0131 ile \u00fcretilmi\u015ftir. F\u0131st\u0131k \u00fcretimi bak\u0131m\u0131ndan, zengin toprak minerallerine sahip uygun hava s\u0131cakl\u0131\u011f\u0131 ve iklim ko\u015fullar\u0131n\u0131n sa\u011fland\u0131\u011f\u0131 \u00c7ukurova b\u00f6lgesinde ya\u011f ve besin de\u011ferleri ele al\u0131nd\u0131\u011f\u0131nda d\u00fcnyan\u0131n en lezzetli yer f\u0131st\u0131klar\u0131 yeti\u015fmektedir. Kavrulma derecesi ve yer f\u0131st\u0131\u011f\u0131n\u0131n lezzetli yap\u0131s\u0131 sayesinde yer f\u0131st\u0131\u011f\u0131n\u0131n tad\u0131 daha tatl\u0131 ve rengi daha a\u00e7\u0131kt\u0131r. \u00dcr\u00fcn\u00fcn \u00fczerindeki ya\u011f yer f\u0131st\u0131\u011f\u0131n\u0131n do\u011fal ya\u011f\u0131 olup, bozulma belirtisi de\u011fildir. Kar\u0131\u015ft\u0131rarak t\u00fcketiniz. Besin De\u011ferleri Her 100 gr da Enerji:\u00a0 654kcal Protein :\u00a0 26gr Besleyici Ya\u011f: 5,4 gr Lif:\u00a0 8,5gr \u00dcr\u00fcn \u00d6zellikleri:   Alune F\u0131st\u0131k ezmesi \"Co\u011frafi \u0130\u015faretli\" \u00fcr\u00fcnd\u00fcr.  F\u0131st\u0131\u011f\u0131n en fazla \u00fcretildi\u011fi Osmaniye ilinde \u00fcretim yap\u0131l\u0131r.  Haftal\u0131k olarak \u00fcretilir taze olarak size ula\u015ft\u0131r\u0131l\u0131r.  \u00a0F\u0131st\u0131\u011f\u0131n yap\u0131s\u0131 itibari ile lezzetli ve besin de\u011feri y\u00fcksektir  Y\u00fcksek lif ve protein oran\u0131na sahiptir.  Gluten i\u00e7ermez.  Par\u00e7ac\u0131kl\u0131 bir yap\u0131ya sahiptir.  \u00dcr\u00fcn\u00fcn \u00fczerinde biriken ya\u011f f\u0131st\u0131\u011f\u0131n kendi ya\u011f\u0131d\u0131r, besleyici ve sa\u011fl\u0131kl\u0131d\u0131r.","og_url":"https:\/\/alune.com.tr\/?product=alune-fistik-ezmesi-parcacikli-ikili","og_site_name":"Alune Ezme \u00c7e\u015fitleri","article_modified_time":"2026-03-23T07:54:13+00:00","og_image":[{"width":1040,"height":948,"url":"https:\/\/alune.com.tr\/wp-content\/uploads\/2023\/02\/alune-fistik-ezmesi.webp","type":"image\/webp"}],"twitter_card":"summary_large_image","twitter_site":"@Aluneezme","twitter_misc":{"Tahmini okuma s\u00fcresi":"2 dakika"},"schema":{"@context":"https:\/\/schema.org","@graph":[{"@type":["WebPage","ItemPage"],"@id":"https:\/\/alune.com.tr\/?product=alune-fistik-ezmesi-parcacikli-ikili","url":"https:\/\/alune.com.tr\/?product=alune-fistik-ezmesi-parcacikli-ikili","name":"Alune F\u0131st\u0131k Ezmesi Par\u00e7ac\u0131kl\u0131 2'li - Alune Ezme \u00c7e\u015fitleri","isPartOf":{"@id":"https:\/\/www.alune.com.tr\/#website"},"primaryImageOfPage":{"@id":"https:\/\/alune.com.tr\/?product=alune-fistik-ezmesi-parcacikli-ikili#primaryimage"},"image":{"@id":"https:\/\/alune.com.tr\/?product=alune-fistik-ezmesi-parcacikli-ikili#primaryimage"},"thumbnailUrl":"https:\/\/alune.com.tr\/wp-content\/uploads\/2023\/02\/alune-fistik-ezmesi.webp","datePublished":"2023-02-21T15:05:16+00:00","dateModified":"2026-03-23T07:54:13+00:00","breadcrumb":{"@id":"https:\/\/alune.com.tr\/?product=alune-fistik-ezmesi-parcacikli-ikili#breadcrumb"},"inLanguage":"tr","potentialAction":[{"@type":"ReadAction","target":["https:\/\/alune.com.tr\/?product=alune-fistik-ezmesi-parcacikli-ikili"]}]},{"@type":"ImageObject","inLanguage":"tr","@id":"https:\/\/alune.com.tr\/?product=alune-fistik-ezmesi-parcacikli-ikili#primaryimage","url":"https:\/\/alune.com.tr\/wp-content\/uploads\/2023\/02\/alune-fistik-ezmesi.webp","contentUrl":"https:\/\/alune.com.tr\/wp-content\/uploads\/2023\/02\/alune-fistik-ezmesi.webp","width":1040,"height":948},{"@type":"BreadcrumbList","@id":"https:\/\/alune.com.tr\/?product=alune-fistik-ezmesi-parcacikli-ikili#breadcrumb","itemListElement":[{"@type":"ListItem","position":1,"name":"Anasayfa","item":"https:\/\/alune.com.tr\/"},{"@type":"ListItem","position":2,"name":"\u00dcr\u00fcnler","item":"https:\/\/www.alune.com.tr\/?page_id=7"},{"@type":"ListItem","position":3,"name":"F\u0131st\u0131k Ezmesi","item":"https:\/\/alune.com.tr\/?product_cat=fistik-ezmesi"},{"@type":"ListItem","position":4,"name":"Alune F\u0131st\u0131k Ezmesi Par\u00e7ac\u0131kl\u0131 2&#8217;li"}]},{"@type":"WebSite","@id":"https:\/\/www.alune.com.tr\/#website","url":"https:\/\/www.alune.com.tr\/","name":"Alune Ezme \u00c7e\u015fitleri","description":"","publisher":{"@id":"https:\/\/www.alune.com.tr\/#organization"},"potentialAction":[{"@type":"SearchAction","target":{"@type":"EntryPoint","urlTemplate":"https:\/\/www.alune.com.tr\/?s={search_term_string}"},"query-input":{"@type":"PropertyValueSpecification","valueRequired":true,"valueName":"search_term_string"}}],"inLanguage":"tr"},{"@type":"Organization","@id":"https:\/\/www.alune.com.tr\/#organization","name":"Alune","url":"https:\/\/www.alune.com.tr\/","logo":{"@type":"ImageObject","inLanguage":"tr","@id":"https:\/\/www.alune.com.tr\/#\/schema\/logo\/image\/","url":"https:\/\/alune.com.tr\/wp-content\/uploads\/2022\/08\/Alune-Footer1-logo1-1.png","contentUrl":"https:\/\/alune.com.tr\/wp-content\/uploads\/2022\/08\/Alune-Footer1-logo1-1.png","width":320,"height":92,"caption":"Alune"},"image":{"@id":"https:\/\/www.alune.com.tr\/#\/schema\/logo\/image\/"},"sameAs":["https:\/\/x.com\/Aluneezme","https:\/\/www.instagram.com\/alune.ezme\/"]}]}},"_links":{"self":[{"href":"https:\/\/alune.com.tr\/index.php?rest_route=\/wp\/v2\/product\/3459","targetHints":{"allow":["GET"]}}],"collection":[{"href":"https:\/\/alune.com.tr\/index.php?rest_route=\/wp\/v2\/product"}],"about":[{"href":"https:\/\/alune.com.tr\/index.php?rest_route=\/wp\/v2\/types\/product"}],"replies":[{"embeddable":true,"href":"https:\/\/alune.com.tr\/index.php?rest_route=%2Fwp%2Fv2%2Fcomments&post=3459"}],"wp:featuredmedia":[{"embeddable":true,"href":"https:\/\/alune.com.tr\/index.php?rest_route=\/wp\/v2\/media\/3461"}],"wp:attachment":[{"href":"https:\/\/alune.com.tr\/index.php?rest_route=%2Fwp%2Fv2%2Fmedia&parent=3459"}],"wp:term":[{"taxonomy":"product_brand","embeddable":true,"href":"https:\/\/alune.com.tr\/index.php?rest_route=%2Fwp%2Fv2%2Fproduct_brand&post=3459"},{"taxonomy":"product_cat","embeddable":true,"href":"https:\/\/alune.com.tr\/index.php?rest_route=%2Fwp%2Fv2%2Fproduct_cat&post=3459"},{"taxonomy":"product_tag","embeddable":true,"href":"https:\/\/alune.com.tr\/index.php?rest_route=%2Fwp%2Fv2%2Fproduct_tag&post=3459"}],"curies":[{"name":"wp","href":"https:\/\/api.w.org\/{rel}","templated":true}]}}