{"id":3394,"date":"2022-12-17T14:13:36","date_gmt":"2022-12-17T14:13:36","guid":{"rendered":"https:\/\/www.alune.com.tr\/?post_type=product&#038;p=3394"},"modified":"2026-03-23T08:25:20","modified_gmt":"2026-03-23T08:25:20","slug":"alune-max-sekersiz-fistik-ezmesi-350gr-alune-badem-ezmesi-300gr","status":"publish","type":"product","link":"https:\/\/alune.com.tr\/?product=alune-max-sekersiz-fistik-ezmesi-350gr-alune-badem-ezmesi-300gr","title":{"rendered":"Alune Max \u015eekersiz F\u0131st\u0131k Ezmesi  350gr &#038; Alune Badem Ezmesi 300gr"},"content":{"rendered":"<p>Kampanya Alune Max &amp; Alune Badem Ezmesi ikili \u00fcr\u00fcn uygun fiyat<\/p>\n<p>Alune Max \u015eekersiz F\u0131st\u0131k Ezmesi ve Alune Badem Ezmesi ikili set \u00fcr\u00fcn, lezzetli Alune Max ile Alune Badem ezmesini birle\u015ftirdik kampanyal\u0131 fiyat\u0131 ile sizlerle<\/p>\n","protected":false},"excerpt":{"rendered":"<p>Kampanya Alune Max &amp; Alune Badem Ezmesi ikili \u00fcr\u00fcn uygun fiyat<\/p>\n<p>Alune Max \u015eekersiz F\u0131st\u0131k Ezmesi ve Alune Badem Ezmesi ikili set \u00fcr\u00fcn, lezzetli Alune Max ile Alune Badem ezmesini birle\u015ftirdik kampanyal\u0131 fiyat\u0131 ile sizlerle<\/p>\n<p><strong>Paket i\u00e7eri\u011fi <\/strong><\/p>\n<p>1 adet Alune Max \u015eekersiz F\u0131st\u0131k Ezmesi 350gr<\/p>\n<p>1 adet Alune Badem Ezmesi 300 gr<\/p>\n<h4>Alune Max<\/h4>\n<p>Her 100 gr da<\/p>\n<p>Enerji:\u00a0 654kcal<br \/>\nProtein :\u00a0 26gr<br \/>\nBesleyici Ya\u011f: 5,4 gr<br \/>\nLif:\u00a0 8,5gr<\/p>\n<h4>Alune Badem Ezmesi<\/h4>\n<p>Her 100 gr da<\/p>\n<p>Enerji:\u00a0 619kcal<br \/>\nProtein :\u00a0 23,8gr<br \/>\nBesleyici Ya\u011f: 48,7 gr<br \/>\nKarbonhidrat: 18,5 gr<br \/>\nLif:\u00a0 14,4gr<\/p>\n<p>\u00dcr\u00fcn \u00f6zelikleri<\/p>\n<p>Alune Max F\u0131st\u0131k Ezmesi %100 yer f\u0131st\u0131\u011f\u0131ndan olu\u015fur.<\/p>\n<p>Osmaniye f\u0131st\u0131klar\u0131 ile \u00fcretilir.<br \/>\nCo\u011frafi i\u015faretli \u00fcr\u00fcnd\u00fcr.<br \/>\nKoruyucu katk\u0131 maddesi i\u00e7ermez<br \/>\nNet 350 gr d\u0131r.<br \/>\nKoruyucu yada katk\u0131 maddesi i\u00e7ermez<\/p>\n<p>Alune Badem Ezmesi<\/p>\n<p>Yerli Bademlerle \u00fcretilir.<br \/>\nBesin de\u011feri ve protein oran\u0131 y\u00fcksektir.<br \/>\nNet 300 gr d\u0131r.<br \/>\nKoruyucu yada katk\u0131 maddesi i\u00e7ermez<\/p>\n","protected":false},"featured_media":3393,"comment_status":"open","ping_status":"closed","template":"","meta":[],"product_brand":[],"product_cat":[65,67],"product_tag":[],"class_list":{"0":"post-3394","1":"product","2":"type-product","3":"status-publish","4":"has-post-thumbnail","6":"product_cat-badem-ezmesi","7":"product_cat-fistik-ezmesi","8":"pa_marka-alune","10":"first","11":"instock","12":"shipping-taxable","13":"purchasable","14":"product-type-simple"},"yoast_head":"<!-- This site is optimized with the Yoast SEO Premium plugin v18.8 (Yoast SEO v27.4) - https:\/\/yoast.com\/product\/yoast-seo-premium-wordpress\/ -->\n<title>Kampanya Alune Max &amp; Alune Badem Ezmesi ikili \u00fcr\u00fcn uygun fiyat<\/title>\n<meta name=\"description\" content=\"Alune Max \u015eekersiz F\u0131st\u0131k Ezmesi ve Alune Badem Ezmesi ikili set \u00fcr\u00fcn, Lezzetli Alune Max ile Alune Badem ezmesini birle\u015ftirdi kampanya fiyat\u0131 ile\" \/>\n<meta name=\"robots\" content=\"index, follow, max-snippet:-1, max-image-preview:large, max-video-preview:-1\" \/>\n<link rel=\"canonical\" href=\"https:\/\/alune.com.tr\/?product=alune-max-sekersiz-fistik-ezmesi-350gr-alune-badem-ezmesi-300gr\" \/>\n<meta property=\"og:locale\" content=\"tr_TR\" \/>\n<meta property=\"og:type\" content=\"article\" \/>\n<meta property=\"og:title\" content=\"Alune Max \u015eekersiz F\u0131st\u0131k Ezmesi 350gr &amp; Alune Badem Ezmesi 300gr\" \/>\n<meta property=\"og:description\" content=\"Alune Max \u015eekersiz F\u0131st\u0131k Ezmesi ve Alune Badem Ezmesi ikili set \u00fcr\u00fcn, Lezzetli Alune Max ile Alune Badem ezmesini birle\u015ftirdi kampanya fiyat\u0131 ile\" \/>\n<meta property=\"og:url\" content=\"https:\/\/alune.com.tr\/?product=alune-max-sekersiz-fistik-ezmesi-350gr-alune-badem-ezmesi-300gr\" \/>\n<meta property=\"og:site_name\" content=\"Alune Ezme \u00c7e\u015fitleri\" \/>\n<meta property=\"article:modified_time\" content=\"2026-03-23T08:25:20+00:00\" \/>\n<meta property=\"og:image\" content=\"https:\/\/alune.com.tr\/wp-content\/uploads\/2022\/12\/Alune-Max-Sekersiz-Fistik-Ezmesi-350gr-Alune-Badem-Ezmesi-300gr-.webp\" \/>\n\t<meta property=\"og:image:width\" content=\"1080\" \/>\n\t<meta property=\"og:image:height\" content=\"1080\" \/>\n\t<meta property=\"og:image:type\" content=\"image\/webp\" \/>\n<meta name=\"twitter:card\" content=\"summary_large_image\" \/>\n<meta name=\"twitter:site\" content=\"@Aluneezme\" \/>\n<meta name=\"twitter:label1\" content=\"Tahmini okuma s\u00fcresi\" \/>\n\t<meta name=\"twitter:data1\" content=\"1 dakika\" \/>\n<script type=\"application\/ld+json\" class=\"yoast-schema-graph\">{\"@context\":\"https:\\\/\\\/schema.org\",\"@graph\":[{\"@type\":[\"WebPage\",\"ItemPage\"],\"@id\":\"https:\\\/\\\/alune.com.tr\\\/?product=alune-max-sekersiz-fistik-ezmesi-350gr-alune-badem-ezmesi-300gr\",\"url\":\"https:\\\/\\\/alune.com.tr\\\/?product=alune-max-sekersiz-fistik-ezmesi-350gr-alune-badem-ezmesi-300gr\",\"name\":\"Kampanya Alune Max & Alune Badem Ezmesi ikili \u00fcr\u00fcn uygun fiyat\",\"isPartOf\":{\"@id\":\"https:\\\/\\\/www.alune.com.tr\\\/#website\"},\"primaryImageOfPage\":{\"@id\":\"https:\\\/\\\/alune.com.tr\\\/?product=alune-max-sekersiz-fistik-ezmesi-350gr-alune-badem-ezmesi-300gr#primaryimage\"},\"image\":{\"@id\":\"https:\\\/\\\/alune.com.tr\\\/?product=alune-max-sekersiz-fistik-ezmesi-350gr-alune-badem-ezmesi-300gr#primaryimage\"},\"thumbnailUrl\":\"https:\\\/\\\/alune.com.tr\\\/wp-content\\\/uploads\\\/2022\\\/12\\\/Alune-Max-Sekersiz-Fistik-Ezmesi-350gr-Alune-Badem-Ezmesi-300gr-.webp\",\"datePublished\":\"2022-12-17T14:13:36+00:00\",\"dateModified\":\"2026-03-23T08:25:20+00:00\",\"description\":\"Alune Max \u015eekersiz F\u0131st\u0131k Ezmesi ve Alune Badem Ezmesi ikili set \u00fcr\u00fcn, Lezzetli Alune Max ile Alune Badem ezmesini birle\u015ftirdi kampanya fiyat\u0131 ile\",\"breadcrumb\":{\"@id\":\"https:\\\/\\\/alune.com.tr\\\/?product=alune-max-sekersiz-fistik-ezmesi-350gr-alune-badem-ezmesi-300gr#breadcrumb\"},\"inLanguage\":\"tr\",\"potentialAction\":[{\"@type\":\"ReadAction\",\"target\":[\"https:\\\/\\\/alune.com.tr\\\/?product=alune-max-sekersiz-fistik-ezmesi-350gr-alune-badem-ezmesi-300gr\"]}]},{\"@type\":\"ImageObject\",\"inLanguage\":\"tr\",\"@id\":\"https:\\\/\\\/alune.com.tr\\\/?product=alune-max-sekersiz-fistik-ezmesi-350gr-alune-badem-ezmesi-300gr#primaryimage\",\"url\":\"https:\\\/\\\/alune.com.tr\\\/wp-content\\\/uploads\\\/2022\\\/12\\\/Alune-Max-Sekersiz-Fistik-Ezmesi-350gr-Alune-Badem-Ezmesi-300gr-.webp\",\"contentUrl\":\"https:\\\/\\\/alune.com.tr\\\/wp-content\\\/uploads\\\/2022\\\/12\\\/Alune-Max-Sekersiz-Fistik-Ezmesi-350gr-Alune-Badem-Ezmesi-300gr-.webp\",\"width\":1080,\"height\":1080},{\"@type\":\"BreadcrumbList\",\"@id\":\"https:\\\/\\\/alune.com.tr\\\/?product=alune-max-sekersiz-fistik-ezmesi-350gr-alune-badem-ezmesi-300gr#breadcrumb\",\"itemListElement\":[{\"@type\":\"ListItem\",\"position\":1,\"name\":\"Anasayfa\",\"item\":\"https:\\\/\\\/alune.com.tr\\\/\"},{\"@type\":\"ListItem\",\"position\":2,\"name\":\"\u00dcr\u00fcnler\",\"item\":\"https:\\\/\\\/www.alune.com.tr\\\/?page_id=7\"},{\"@type\":\"ListItem\",\"position\":3,\"name\":\"F\u0131st\u0131k Ezmesi\",\"item\":\"https:\\\/\\\/alune.com.tr\\\/?product_cat=fistik-ezmesi\"},{\"@type\":\"ListItem\",\"position\":4,\"name\":\"Alune Max \u015eekersiz F\u0131st\u0131k Ezmesi 350gr &#038; Alune Badem Ezmesi 300gr\"}]},{\"@type\":\"WebSite\",\"@id\":\"https:\\\/\\\/www.alune.com.tr\\\/#website\",\"url\":\"https:\\\/\\\/www.alune.com.tr\\\/\",\"name\":\"Alune Ezme \u00c7e\u015fitleri\",\"description\":\"\",\"publisher\":{\"@id\":\"https:\\\/\\\/www.alune.com.tr\\\/#organization\"},\"potentialAction\":[{\"@type\":\"SearchAction\",\"target\":{\"@type\":\"EntryPoint\",\"urlTemplate\":\"https:\\\/\\\/www.alune.com.tr\\\/?s={search_term_string}\"},\"query-input\":{\"@type\":\"PropertyValueSpecification\",\"valueRequired\":true,\"valueName\":\"search_term_string\"}}],\"inLanguage\":\"tr\"},{\"@type\":\"Organization\",\"@id\":\"https:\\\/\\\/www.alune.com.tr\\\/#organization\",\"name\":\"Alune\",\"url\":\"https:\\\/\\\/www.alune.com.tr\\\/\",\"logo\":{\"@type\":\"ImageObject\",\"inLanguage\":\"tr\",\"@id\":\"https:\\\/\\\/www.alune.com.tr\\\/#\\\/schema\\\/logo\\\/image\\\/\",\"url\":\"https:\\\/\\\/alune.com.tr\\\/wp-content\\\/uploads\\\/2022\\\/08\\\/Alune-Footer1-logo1-1.png\",\"contentUrl\":\"https:\\\/\\\/alune.com.tr\\\/wp-content\\\/uploads\\\/2022\\\/08\\\/Alune-Footer1-logo1-1.png\",\"width\":320,\"height\":92,\"caption\":\"Alune\"},\"image\":{\"@id\":\"https:\\\/\\\/www.alune.com.tr\\\/#\\\/schema\\\/logo\\\/image\\\/\"},\"sameAs\":[\"https:\\\/\\\/x.com\\\/Aluneezme\",\"https:\\\/\\\/www.instagram.com\\\/alune.ezme\\\/\"]}]}<\/script>\n<!-- \/ Yoast SEO Premium plugin. -->","yoast_head_json":{"title":"Kampanya Alune Max & Alune Badem Ezmesi ikili \u00fcr\u00fcn uygun fiyat","description":"Alune Max \u015eekersiz F\u0131st\u0131k Ezmesi ve Alune Badem Ezmesi ikili set \u00fcr\u00fcn, Lezzetli Alune Max ile Alune Badem ezmesini birle\u015ftirdi kampanya fiyat\u0131 ile","robots":{"index":"index","follow":"follow","max-snippet":"max-snippet:-1","max-image-preview":"max-image-preview:large","max-video-preview":"max-video-preview:-1"},"canonical":"https:\/\/alune.com.tr\/?product=alune-max-sekersiz-fistik-ezmesi-350gr-alune-badem-ezmesi-300gr","og_locale":"tr_TR","og_type":"article","og_title":"Alune Max \u015eekersiz F\u0131st\u0131k Ezmesi 350gr & Alune Badem Ezmesi 300gr","og_description":"Alune Max \u015eekersiz F\u0131st\u0131k Ezmesi ve Alune Badem Ezmesi ikili set \u00fcr\u00fcn, Lezzetli Alune Max ile Alune Badem ezmesini birle\u015ftirdi kampanya fiyat\u0131 ile","og_url":"https:\/\/alune.com.tr\/?product=alune-max-sekersiz-fistik-ezmesi-350gr-alune-badem-ezmesi-300gr","og_site_name":"Alune Ezme \u00c7e\u015fitleri","article_modified_time":"2026-03-23T08:25:20+00:00","og_image":[{"width":1080,"height":1080,"url":"https:\/\/alune.com.tr\/wp-content\/uploads\/2022\/12\/Alune-Max-Sekersiz-Fistik-Ezmesi-350gr-Alune-Badem-Ezmesi-300gr-.webp","type":"image\/webp"}],"twitter_card":"summary_large_image","twitter_site":"@Aluneezme","twitter_misc":{"Tahmini okuma s\u00fcresi":"1 dakika"},"schema":{"@context":"https:\/\/schema.org","@graph":[{"@type":["WebPage","ItemPage"],"@id":"https:\/\/alune.com.tr\/?product=alune-max-sekersiz-fistik-ezmesi-350gr-alune-badem-ezmesi-300gr","url":"https:\/\/alune.com.tr\/?product=alune-max-sekersiz-fistik-ezmesi-350gr-alune-badem-ezmesi-300gr","name":"Kampanya Alune Max & Alune Badem Ezmesi ikili \u00fcr\u00fcn uygun fiyat","isPartOf":{"@id":"https:\/\/www.alune.com.tr\/#website"},"primaryImageOfPage":{"@id":"https:\/\/alune.com.tr\/?product=alune-max-sekersiz-fistik-ezmesi-350gr-alune-badem-ezmesi-300gr#primaryimage"},"image":{"@id":"https:\/\/alune.com.tr\/?product=alune-max-sekersiz-fistik-ezmesi-350gr-alune-badem-ezmesi-300gr#primaryimage"},"thumbnailUrl":"https:\/\/alune.com.tr\/wp-content\/uploads\/2022\/12\/Alune-Max-Sekersiz-Fistik-Ezmesi-350gr-Alune-Badem-Ezmesi-300gr-.webp","datePublished":"2022-12-17T14:13:36+00:00","dateModified":"2026-03-23T08:25:20+00:00","description":"Alune Max \u015eekersiz F\u0131st\u0131k Ezmesi ve Alune Badem Ezmesi ikili set \u00fcr\u00fcn, Lezzetli Alune Max ile Alune Badem ezmesini birle\u015ftirdi kampanya fiyat\u0131 ile","breadcrumb":{"@id":"https:\/\/alune.com.tr\/?product=alune-max-sekersiz-fistik-ezmesi-350gr-alune-badem-ezmesi-300gr#breadcrumb"},"inLanguage":"tr","potentialAction":[{"@type":"ReadAction","target":["https:\/\/alune.com.tr\/?product=alune-max-sekersiz-fistik-ezmesi-350gr-alune-badem-ezmesi-300gr"]}]},{"@type":"ImageObject","inLanguage":"tr","@id":"https:\/\/alune.com.tr\/?product=alune-max-sekersiz-fistik-ezmesi-350gr-alune-badem-ezmesi-300gr#primaryimage","url":"https:\/\/alune.com.tr\/wp-content\/uploads\/2022\/12\/Alune-Max-Sekersiz-Fistik-Ezmesi-350gr-Alune-Badem-Ezmesi-300gr-.webp","contentUrl":"https:\/\/alune.com.tr\/wp-content\/uploads\/2022\/12\/Alune-Max-Sekersiz-Fistik-Ezmesi-350gr-Alune-Badem-Ezmesi-300gr-.webp","width":1080,"height":1080},{"@type":"BreadcrumbList","@id":"https:\/\/alune.com.tr\/?product=alune-max-sekersiz-fistik-ezmesi-350gr-alune-badem-ezmesi-300gr#breadcrumb","itemListElement":[{"@type":"ListItem","position":1,"name":"Anasayfa","item":"https:\/\/alune.com.tr\/"},{"@type":"ListItem","position":2,"name":"\u00dcr\u00fcnler","item":"https:\/\/www.alune.com.tr\/?page_id=7"},{"@type":"ListItem","position":3,"name":"F\u0131st\u0131k Ezmesi","item":"https:\/\/alune.com.tr\/?product_cat=fistik-ezmesi"},{"@type":"ListItem","position":4,"name":"Alune Max \u015eekersiz F\u0131st\u0131k Ezmesi 350gr &#038; Alune Badem Ezmesi 300gr"}]},{"@type":"WebSite","@id":"https:\/\/www.alune.com.tr\/#website","url":"https:\/\/www.alune.com.tr\/","name":"Alune Ezme \u00c7e\u015fitleri","description":"","publisher":{"@id":"https:\/\/www.alune.com.tr\/#organization"},"potentialAction":[{"@type":"SearchAction","target":{"@type":"EntryPoint","urlTemplate":"https:\/\/www.alune.com.tr\/?s={search_term_string}"},"query-input":{"@type":"PropertyValueSpecification","valueRequired":true,"valueName":"search_term_string"}}],"inLanguage":"tr"},{"@type":"Organization","@id":"https:\/\/www.alune.com.tr\/#organization","name":"Alune","url":"https:\/\/www.alune.com.tr\/","logo":{"@type":"ImageObject","inLanguage":"tr","@id":"https:\/\/www.alune.com.tr\/#\/schema\/logo\/image\/","url":"https:\/\/alune.com.tr\/wp-content\/uploads\/2022\/08\/Alune-Footer1-logo1-1.png","contentUrl":"https:\/\/alune.com.tr\/wp-content\/uploads\/2022\/08\/Alune-Footer1-logo1-1.png","width":320,"height":92,"caption":"Alune"},"image":{"@id":"https:\/\/www.alune.com.tr\/#\/schema\/logo\/image\/"},"sameAs":["https:\/\/x.com\/Aluneezme","https:\/\/www.instagram.com\/alune.ezme\/"]}]}},"_links":{"self":[{"href":"https:\/\/alune.com.tr\/index.php?rest_route=\/wp\/v2\/product\/3394","targetHints":{"allow":["GET"]}}],"collection":[{"href":"https:\/\/alune.com.tr\/index.php?rest_route=\/wp\/v2\/product"}],"about":[{"href":"https:\/\/alune.com.tr\/index.php?rest_route=\/wp\/v2\/types\/product"}],"replies":[{"embeddable":true,"href":"https:\/\/alune.com.tr\/index.php?rest_route=%2Fwp%2Fv2%2Fcomments&post=3394"}],"wp:featuredmedia":[{"embeddable":true,"href":"https:\/\/alune.com.tr\/index.php?rest_route=\/wp\/v2\/media\/3393"}],"wp:attachment":[{"href":"https:\/\/alune.com.tr\/index.php?rest_route=%2Fwp%2Fv2%2Fmedia&parent=3394"}],"wp:term":[{"taxonomy":"product_brand","embeddable":true,"href":"https:\/\/alune.com.tr\/index.php?rest_route=%2Fwp%2Fv2%2Fproduct_brand&post=3394"},{"taxonomy":"product_cat","embeddable":true,"href":"https:\/\/alune.com.tr\/index.php?rest_route=%2Fwp%2Fv2%2Fproduct_cat&post=3394"},{"taxonomy":"product_tag","embeddable":true,"href":"https:\/\/alune.com.tr\/index.php?rest_route=%2Fwp%2Fv2%2Fproduct_tag&post=3394"}],"curies":[{"name":"wp","href":"https:\/\/api.w.org\/{rel}","templated":true}]}}