{"id":2865,"date":"2022-08-30T20:47:02","date_gmt":"2022-08-30T20:47:02","guid":{"rendered":"http:\/\/www.alune.com.tr\/?post_type=product&#038;p=2865"},"modified":"2026-03-23T08:21:03","modified_gmt":"2026-03-23T08:21:03","slug":"alune-3lu-gurme","status":"publish","type":"product","link":"https:\/\/alune.com.tr\/?product=alune-3lu-gurme","title":{"rendered":"Alune 3&#8217;l\u00fc Gurme  960gr"},"content":{"rendered":"<h5>Alune 3&#8217;l\u00fc Gurme Badem Ezmesi, F\u0131nd\u0131k Ezmesi, F\u0131st\u0131k Ezmesi<\/h5>\n<p>Paket i\u00e7eri\u011fi 1 adet F\u0131st\u0131k Ezmesi (360gr) 1 adet Badem Ezmesi (300gr) +1 adet F\u0131nd\u0131k Ezmesinden (300gr) olu\u015fur.<\/p>\n<p>Y\u00fcksek lif oran\u0131na sahiptir.<\/p>\n<p>Gl\u00fcten i\u00e7ermez.<\/p>\n<h5>Baden ve F\u0131nd\u0131k Ezmesi<\/h5>\n<p>Besin de\u011feri bak\u0131mdan zengin, besyeyici ya\u011f oran\u0131 y\u00fcksek yerli ve do\u011fal bademler ve f\u0131nd\u0131klar kullan\u0131larak \u00fcretilmi\u015ftir. Kavrulma derecesi ve i\u015flenme \u015fekli sayesinde besin de\u011feri korunarak tad\u0131 ve k\u0131vam bak\u0131m\u0131ndan lezzetli ve taze \u00fcr\u00fcnler \u00fcretilir. Alune Badem Ezmesi S\u00fcr\u00fclebilir par\u00e7ac\u0131kl\u0131 yap\u0131s\u0131 ile kahvalt\u0131larda ve ara \u00f6\u011f\u00fcnlerde keyifle t\u00fcketebilirsiniz.<\/p>\n<h5>Alune F\u0131st\u0131k Ezmesi<\/h5>\n<p>Besleyici ya\u011f oran\u0131 y\u00fcksek olan <a href=\"https:\/\/www.alune.com.tr\/fistik-ezmesi\/neden-osmaniye-fistigi\/\">Osmaniye<\/a> f\u0131st\u0131klar\u0131 ile \u00fcretilmi\u015ftir. F\u0131st\u0131k \u00fcretimi bak\u0131m\u0131ndan, zengin toprak minerallerine sahip uygun hava s\u0131cakl\u0131\u011f\u0131 ve iklim ko\u015fullar\u0131n\u0131n sa\u011fland\u0131\u011f\u0131 \u00c7ukurova b\u00f6lgesinde ya\u011f ve besin de\u011ferleri ele al\u0131nd\u0131\u011f\u0131nda d\u00fcnyan\u0131n en lezzetli yer f\u0131st\u0131klar\u0131 yeti\u015fmektedir. Kavrulma derecesi ve yer f\u0131st\u0131\u011f\u0131n\u0131n lezzetli yap\u0131s\u0131 sayesinde yer f\u0131st\u0131\u011f\u0131n\u0131n tad\u0131 daha tatl\u0131 ve rengi daha a\u00e7\u0131kt\u0131r.<\/p>\n<p><a href=\"https:\/\/www.alune.com.tr\/\">Alune<\/a> \u00dcr\u00fcnleri hakk\u0131nda daha fazla bilgi ve <a href=\"https:\/\/www.alune.com.tr\/urunler-ezme-cesitleri\/\">\u00fcretim<\/a> s\u00fcrecimiz hakk\u0131nda bilgi almak i\u00e7in bizimle <a href=\"https:\/\/www.alune.com.tr\/alune-destek-ve-iletisim-sayfasi\/\">ileti\u015fime<\/a> ge\u00e7in.<\/p>\n<p>Bizi instagramdan <a href=\"https:\/\/www.instagram.com\/alune.ezme\/\">takip<\/a> edin.<\/p>\n","protected":false},"excerpt":{"rendered":"<p>Paket i\u00e7eri\u011fi 1 adet F\u0131st\u0131k Ezmesi (350gr) 1 adet Badem Ezmesi (300gr) +1 adet F\u0131nd\u0131k Ezmesinden (300gr) olu\u015fur.<\/p>\n<p>Y\u00fcksek lif oran\u0131na sahiptir.<\/p>\n<p>Gl\u00fcten i\u00e7ermez.<\/p>\n<p>Y\u00fcksek protein ihtiyac\u0131n\u0131z\u0131 kar\u015f\u0131lar, sporcular i\u00e7in vazge\u00e7ilmez bir takviyedir.<\/p>\n<p>Kavrulma derecesi ve i\u015flenme \u015fekli sayesinde besin de\u011feri korunarak tad\u0131 ve k\u0131vam bak\u0131m\u0131ndan lezzetli ve taze \u00fcr\u00fcnler \u00fcretilir.<br \/>\nS\u00fcr\u00fclebilir par\u00e7ac\u0131kl\u0131 yap\u0131s\u0131 ile kahvalt\u0131larda ve ara \u00f6\u011f\u00fcnlerde keyifle t\u00fcketebilirsiniz<br \/>\n\u00dcr\u00fcn\u00fcn \u00fczerindeki ya\u011f yemi\u015flerin do\u011fal ya\u011f\u0131 olup, bozulma belirtisi de\u011fildir.<br \/>\nKar\u0131\u015ft\u0131rarak t\u00fcketiniz.<\/p>\n","protected":false},"featured_media":3334,"comment_status":"open","ping_status":"closed","template":"","meta":[],"product_brand":[],"product_cat":[65,66,67],"product_tag":[],"class_list":{"0":"post-2865","1":"product","2":"type-product","3":"status-publish","4":"has-post-thumbnail","6":"product_cat-badem-ezmesi","7":"product_cat-findik-ezmesi","8":"product_cat-fistik-ezmesi","9":"pa_marka-alune","11":"first","12":"instock","13":"shipping-taxable","14":"purchasable","15":"product-type-simple"},"yoast_head":"<!-- This site is optimized with the Yoast SEO Premium plugin v18.8 (Yoast SEO v27.4) - https:\/\/yoast.com\/product\/yoast-seo-premium-wordpress\/ -->\n<title>Alune 3&#039;lu Gurme Badem Ezmesi &amp; F\u0131nd\u0131k &amp; F\u0131st\u0131k Ezmsi<\/title>\n<meta name=\"description\" content=\"Alune 3&#039;lu Gurme Seti , Badem Ezmesi ve F\u0131nd\u0131k Ezmesi, F\u0131st\u0131k Ezmesi, Osmaniye Yer F\u0131st\u0131\u011f\u0131 Ezmesi, Yerli hasat Badem ve F\u0131nd\u0131k Ezmesi\" \/>\n<meta name=\"robots\" content=\"index, follow, max-snippet:-1, max-image-preview:large, max-video-preview:-1\" \/>\n<link rel=\"canonical\" href=\"https:\/\/alune.com.tr\/?product=alune-3lu-gurme\" \/>\n<meta property=\"og:locale\" content=\"tr_TR\" \/>\n<meta property=\"og:type\" content=\"article\" \/>\n<meta property=\"og:title\" content=\"Alune 3&#039;l\u00fc Gurme 960gr\" \/>\n<meta property=\"og:description\" content=\"Alune 3&#039;lu Gurme Seti , Badem Ezmesi ve F\u0131nd\u0131k Ezmesi, F\u0131st\u0131k Ezmesi, Osmaniye Yer F\u0131st\u0131\u011f\u0131 Ezmesi, Yerli hasat Badem ve F\u0131nd\u0131k Ezmesi\" \/>\n<meta property=\"og:url\" content=\"https:\/\/alune.com.tr\/?product=alune-3lu-gurme\" \/>\n<meta property=\"og:site_name\" content=\"Alune Ezme \u00c7e\u015fitleri\" \/>\n<meta property=\"article:modified_time\" content=\"2026-03-23T08:21:03+00:00\" \/>\n<meta property=\"og:image\" content=\"https:\/\/alune.com.tr\/wp-content\/uploads\/2022\/08\/Alune-3lu-gurme-paketi.webp\" \/>\n\t<meta property=\"og:image:width\" content=\"1080\" \/>\n\t<meta property=\"og:image:height\" content=\"1080\" \/>\n\t<meta property=\"og:image:type\" content=\"image\/webp\" \/>\n<meta name=\"twitter:card\" content=\"summary_large_image\" \/>\n<meta name=\"twitter:site\" content=\"@Aluneezme\" \/>\n<meta name=\"twitter:label1\" content=\"Tahmini okuma s\u00fcresi\" \/>\n\t<meta name=\"twitter:data1\" content=\"2 dakika\" \/>\n<script type=\"application\/ld+json\" class=\"yoast-schema-graph\">{\"@context\":\"https:\\\/\\\/schema.org\",\"@graph\":[{\"@type\":[\"WebPage\",\"ItemPage\"],\"@id\":\"https:\\\/\\\/alune.com.tr\\\/?product=alune-3lu-gurme\",\"url\":\"https:\\\/\\\/alune.com.tr\\\/?product=alune-3lu-gurme\",\"name\":\"Alune 3'lu Gurme Badem Ezmesi & F\u0131nd\u0131k & F\u0131st\u0131k Ezmsi\",\"isPartOf\":{\"@id\":\"https:\\\/\\\/www.alune.com.tr\\\/#website\"},\"primaryImageOfPage\":{\"@id\":\"https:\\\/\\\/alune.com.tr\\\/?product=alune-3lu-gurme#primaryimage\"},\"image\":{\"@id\":\"https:\\\/\\\/alune.com.tr\\\/?product=alune-3lu-gurme#primaryimage\"},\"thumbnailUrl\":\"https:\\\/\\\/alune.com.tr\\\/wp-content\\\/uploads\\\/2022\\\/08\\\/Alune-3lu-gurme-paketi.webp\",\"datePublished\":\"2022-08-30T20:47:02+00:00\",\"dateModified\":\"2026-03-23T08:21:03+00:00\",\"description\":\"Alune 3'lu Gurme Seti , Badem Ezmesi ve F\u0131nd\u0131k Ezmesi, F\u0131st\u0131k Ezmesi, Osmaniye Yer F\u0131st\u0131\u011f\u0131 Ezmesi, Yerli hasat Badem ve F\u0131nd\u0131k Ezmesi\",\"breadcrumb\":{\"@id\":\"https:\\\/\\\/alune.com.tr\\\/?product=alune-3lu-gurme#breadcrumb\"},\"inLanguage\":\"tr\",\"potentialAction\":[{\"@type\":\"ReadAction\",\"target\":[\"https:\\\/\\\/alune.com.tr\\\/?product=alune-3lu-gurme\"]}]},{\"@type\":\"ImageObject\",\"inLanguage\":\"tr\",\"@id\":\"https:\\\/\\\/alune.com.tr\\\/?product=alune-3lu-gurme#primaryimage\",\"url\":\"https:\\\/\\\/alune.com.tr\\\/wp-content\\\/uploads\\\/2022\\\/08\\\/Alune-3lu-gurme-paketi.webp\",\"contentUrl\":\"https:\\\/\\\/alune.com.tr\\\/wp-content\\\/uploads\\\/2022\\\/08\\\/Alune-3lu-gurme-paketi.webp\",\"width\":1080,\"height\":1080,\"caption\":\"Alune F\u0131st\u0131k Ezmesi 360 gr Alne BAdem Ezmesii 300 gr Alune F\u0131nd\u0131k Ezmesi 300 gr\"},{\"@type\":\"BreadcrumbList\",\"@id\":\"https:\\\/\\\/alune.com.tr\\\/?product=alune-3lu-gurme#breadcrumb\",\"itemListElement\":[{\"@type\":\"ListItem\",\"position\":1,\"name\":\"Anasayfa\",\"item\":\"https:\\\/\\\/alune.com.tr\\\/\"},{\"@type\":\"ListItem\",\"position\":2,\"name\":\"\u00dcr\u00fcnler\",\"item\":\"https:\\\/\\\/www.alune.com.tr\\\/?page_id=7\"},{\"@type\":\"ListItem\",\"position\":3,\"name\":\"Badem Ezmesi\",\"item\":\"https:\\\/\\\/www.alune.com.tr\\\/?product_cat=badem-ezmesi\"},{\"@type\":\"ListItem\",\"position\":4,\"name\":\"Alune 3&#8217;l\u00fc Gurme 960gr\"}]},{\"@type\":\"WebSite\",\"@id\":\"https:\\\/\\\/www.alune.com.tr\\\/#website\",\"url\":\"https:\\\/\\\/www.alune.com.tr\\\/\",\"name\":\"Alune Ezme \u00c7e\u015fitleri\",\"description\":\"\",\"publisher\":{\"@id\":\"https:\\\/\\\/www.alune.com.tr\\\/#organization\"},\"potentialAction\":[{\"@type\":\"SearchAction\",\"target\":{\"@type\":\"EntryPoint\",\"urlTemplate\":\"https:\\\/\\\/www.alune.com.tr\\\/?s={search_term_string}\"},\"query-input\":{\"@type\":\"PropertyValueSpecification\",\"valueRequired\":true,\"valueName\":\"search_term_string\"}}],\"inLanguage\":\"tr\"},{\"@type\":\"Organization\",\"@id\":\"https:\\\/\\\/www.alune.com.tr\\\/#organization\",\"name\":\"Alune\",\"url\":\"https:\\\/\\\/www.alune.com.tr\\\/\",\"logo\":{\"@type\":\"ImageObject\",\"inLanguage\":\"tr\",\"@id\":\"https:\\\/\\\/www.alune.com.tr\\\/#\\\/schema\\\/logo\\\/image\\\/\",\"url\":\"https:\\\/\\\/alune.com.tr\\\/wp-content\\\/uploads\\\/2022\\\/08\\\/Alune-Footer1-logo1-1.png\",\"contentUrl\":\"https:\\\/\\\/alune.com.tr\\\/wp-content\\\/uploads\\\/2022\\\/08\\\/Alune-Footer1-logo1-1.png\",\"width\":320,\"height\":92,\"caption\":\"Alune\"},\"image\":{\"@id\":\"https:\\\/\\\/www.alune.com.tr\\\/#\\\/schema\\\/logo\\\/image\\\/\"},\"sameAs\":[\"https:\\\/\\\/x.com\\\/Aluneezme\",\"https:\\\/\\\/www.instagram.com\\\/alune.ezme\\\/\"]}]}<\/script>\n<!-- \/ Yoast SEO Premium plugin. -->","yoast_head_json":{"title":"Alune 3'lu Gurme Badem Ezmesi & F\u0131nd\u0131k & F\u0131st\u0131k Ezmsi","description":"Alune 3'lu Gurme Seti , Badem Ezmesi ve F\u0131nd\u0131k Ezmesi, F\u0131st\u0131k Ezmesi, Osmaniye Yer F\u0131st\u0131\u011f\u0131 Ezmesi, Yerli hasat Badem ve F\u0131nd\u0131k Ezmesi","robots":{"index":"index","follow":"follow","max-snippet":"max-snippet:-1","max-image-preview":"max-image-preview:large","max-video-preview":"max-video-preview:-1"},"canonical":"https:\/\/alune.com.tr\/?product=alune-3lu-gurme","og_locale":"tr_TR","og_type":"article","og_title":"Alune 3'l\u00fc Gurme 960gr","og_description":"Alune 3'lu Gurme Seti , Badem Ezmesi ve F\u0131nd\u0131k Ezmesi, F\u0131st\u0131k Ezmesi, Osmaniye Yer F\u0131st\u0131\u011f\u0131 Ezmesi, Yerli hasat Badem ve F\u0131nd\u0131k Ezmesi","og_url":"https:\/\/alune.com.tr\/?product=alune-3lu-gurme","og_site_name":"Alune Ezme \u00c7e\u015fitleri","article_modified_time":"2026-03-23T08:21:03+00:00","og_image":[{"width":1080,"height":1080,"url":"https:\/\/alune.com.tr\/wp-content\/uploads\/2022\/08\/Alune-3lu-gurme-paketi.webp","type":"image\/webp"}],"twitter_card":"summary_large_image","twitter_site":"@Aluneezme","twitter_misc":{"Tahmini okuma s\u00fcresi":"2 dakika"},"schema":{"@context":"https:\/\/schema.org","@graph":[{"@type":["WebPage","ItemPage"],"@id":"https:\/\/alune.com.tr\/?product=alune-3lu-gurme","url":"https:\/\/alune.com.tr\/?product=alune-3lu-gurme","name":"Alune 3'lu Gurme Badem Ezmesi & F\u0131nd\u0131k & F\u0131st\u0131k Ezmsi","isPartOf":{"@id":"https:\/\/www.alune.com.tr\/#website"},"primaryImageOfPage":{"@id":"https:\/\/alune.com.tr\/?product=alune-3lu-gurme#primaryimage"},"image":{"@id":"https:\/\/alune.com.tr\/?product=alune-3lu-gurme#primaryimage"},"thumbnailUrl":"https:\/\/alune.com.tr\/wp-content\/uploads\/2022\/08\/Alune-3lu-gurme-paketi.webp","datePublished":"2022-08-30T20:47:02+00:00","dateModified":"2026-03-23T08:21:03+00:00","description":"Alune 3'lu Gurme Seti , Badem Ezmesi ve F\u0131nd\u0131k Ezmesi, F\u0131st\u0131k Ezmesi, Osmaniye Yer F\u0131st\u0131\u011f\u0131 Ezmesi, Yerli hasat Badem ve F\u0131nd\u0131k Ezmesi","breadcrumb":{"@id":"https:\/\/alune.com.tr\/?product=alune-3lu-gurme#breadcrumb"},"inLanguage":"tr","potentialAction":[{"@type":"ReadAction","target":["https:\/\/alune.com.tr\/?product=alune-3lu-gurme"]}]},{"@type":"ImageObject","inLanguage":"tr","@id":"https:\/\/alune.com.tr\/?product=alune-3lu-gurme#primaryimage","url":"https:\/\/alune.com.tr\/wp-content\/uploads\/2022\/08\/Alune-3lu-gurme-paketi.webp","contentUrl":"https:\/\/alune.com.tr\/wp-content\/uploads\/2022\/08\/Alune-3lu-gurme-paketi.webp","width":1080,"height":1080,"caption":"Alune F\u0131st\u0131k Ezmesi 360 gr Alne BAdem Ezmesii 300 gr Alune F\u0131nd\u0131k Ezmesi 300 gr"},{"@type":"BreadcrumbList","@id":"https:\/\/alune.com.tr\/?product=alune-3lu-gurme#breadcrumb","itemListElement":[{"@type":"ListItem","position":1,"name":"Anasayfa","item":"https:\/\/alune.com.tr\/"},{"@type":"ListItem","position":2,"name":"\u00dcr\u00fcnler","item":"https:\/\/www.alune.com.tr\/?page_id=7"},{"@type":"ListItem","position":3,"name":"Badem Ezmesi","item":"https:\/\/www.alune.com.tr\/?product_cat=badem-ezmesi"},{"@type":"ListItem","position":4,"name":"Alune 3&#8217;l\u00fc Gurme 960gr"}]},{"@type":"WebSite","@id":"https:\/\/www.alune.com.tr\/#website","url":"https:\/\/www.alune.com.tr\/","name":"Alune Ezme \u00c7e\u015fitleri","description":"","publisher":{"@id":"https:\/\/www.alune.com.tr\/#organization"},"potentialAction":[{"@type":"SearchAction","target":{"@type":"EntryPoint","urlTemplate":"https:\/\/www.alune.com.tr\/?s={search_term_string}"},"query-input":{"@type":"PropertyValueSpecification","valueRequired":true,"valueName":"search_term_string"}}],"inLanguage":"tr"},{"@type":"Organization","@id":"https:\/\/www.alune.com.tr\/#organization","name":"Alune","url":"https:\/\/www.alune.com.tr\/","logo":{"@type":"ImageObject","inLanguage":"tr","@id":"https:\/\/www.alune.com.tr\/#\/schema\/logo\/image\/","url":"https:\/\/alune.com.tr\/wp-content\/uploads\/2022\/08\/Alune-Footer1-logo1-1.png","contentUrl":"https:\/\/alune.com.tr\/wp-content\/uploads\/2022\/08\/Alune-Footer1-logo1-1.png","width":320,"height":92,"caption":"Alune"},"image":{"@id":"https:\/\/www.alune.com.tr\/#\/schema\/logo\/image\/"},"sameAs":["https:\/\/x.com\/Aluneezme","https:\/\/www.instagram.com\/alune.ezme\/"]}]}},"_links":{"self":[{"href":"https:\/\/alune.com.tr\/index.php?rest_route=\/wp\/v2\/product\/2865","targetHints":{"allow":["GET"]}}],"collection":[{"href":"https:\/\/alune.com.tr\/index.php?rest_route=\/wp\/v2\/product"}],"about":[{"href":"https:\/\/alune.com.tr\/index.php?rest_route=\/wp\/v2\/types\/product"}],"replies":[{"embeddable":true,"href":"https:\/\/alune.com.tr\/index.php?rest_route=%2Fwp%2Fv2%2Fcomments&post=2865"}],"wp:featuredmedia":[{"embeddable":true,"href":"https:\/\/alune.com.tr\/index.php?rest_route=\/wp\/v2\/media\/3334"}],"wp:attachment":[{"href":"https:\/\/alune.com.tr\/index.php?rest_route=%2Fwp%2Fv2%2Fmedia&parent=2865"}],"wp:term":[{"taxonomy":"product_brand","embeddable":true,"href":"https:\/\/alune.com.tr\/index.php?rest_route=%2Fwp%2Fv2%2Fproduct_brand&post=2865"},{"taxonomy":"product_cat","embeddable":true,"href":"https:\/\/alune.com.tr\/index.php?rest_route=%2Fwp%2Fv2%2Fproduct_cat&post=2865"},{"taxonomy":"product_tag","embeddable":true,"href":"https:\/\/alune.com.tr\/index.php?rest_route=%2Fwp%2Fv2%2Fproduct_tag&post=2865"}],"curies":[{"name":"wp","href":"https:\/\/api.w.org\/{rel}","templated":true}]}}