{"id":2863,"date":"2022-08-30T20:47:02","date_gmt":"2022-08-30T20:47:02","guid":{"rendered":"http:\/\/www.alune.com.tr\/?post_type=product&#038;p=2863"},"modified":"2026-03-23T08:06:49","modified_gmt":"2026-03-23T08:06:49","slug":"alune-max-2li-sekersiz-fistik-ezmesi","status":"publish","type":"product","link":"https:\/\/alune.com.tr\/?product=alune-max-2li-sekersiz-fistik-ezmesi","title":{"rendered":"Alune Max 2&#8217;li \u015eekersiz F\u0131st\u0131k Ezmesi 700gr"},"content":{"rendered":"<p>[vc_row][vc_column][vc_column_text text_larger=&#8221;no&#8221;]<\/p>\n<h5>Alune Max 2\u2019li \u015eekersiz F\u0131st\u0131k Ezmesi Par\u00e7ac\u0131kl\u0131 2X 350gr<\/h5>\n<p>Alune Max \u015eekersiz F\u0131st\u0131k Ezmesi Besin de\u011feri bak\u0131mdan zengin, besleyici ya\u011f oran\u0131 y\u00fcksek olan\u00a0<a href=\"https:\/\/www.alune.com.tr\/fistik-ezmesi\/neden-osmaniye-fistigi\/\">Osmaniye<\/a>\u00a0f\u0131st\u0131klar\u0131 ile \u00fcretilmi\u015ftir. F\u0131st\u0131k \u00fcretimi bak\u0131m\u0131ndan, zengin toprak minerallerine sahip uygun hava s\u0131cakl\u0131\u011f\u0131 ve iklim ko\u015fullar\u0131n\u0131n sa\u011fland\u0131\u011f\u0131 \u00c7ukurova b\u00f6lgesinde ya\u011f ve besin de\u011ferleri ele al\u0131nd\u0131\u011f\u0131nda d\u00fcnyan\u0131n en lezzetli yer f\u0131st\u0131klar\u0131 yeti\u015fmektedir.<br \/>\nKavrulma derecesi ve yer f\u0131st\u0131\u011f\u0131n\u0131n lezzetli yap\u0131s\u0131 sayesinde yer f\u0131st\u0131\u011f\u0131n\u0131n tad\u0131 daha tatl\u0131 ve rengi daha a\u00e7\u0131kt\u0131r.<\/p>\n<p><strong>Osmaniye Yer F\u0131st\u0131klar\u0131\u00a0<\/strong>ile \u00fcretilen\u00a0<strong>Alune Max<\/strong> \u015fekersiz f\u0131st\u0131k ezmesi T\u00fcrkiye\u2019nin tek\u00a0<strong>Co\u011frafi \u0130\u015faretli<\/strong>\u00a0F\u0131st\u0131k Ezmesi \u00fcr\u00fcn\u00fcd\u00fcr.<\/p>\n<p>F\u0131st\u0131k Ezmesi besleyici do\u011fal ya\u011f bak\u0131m\u0131ndan zengindir. F\u0131st\u0131\u011f\u0131n do\u011fal ya\u011f\u0131 v\u00fccutta h\u00fccre duvar\u0131n\u0131 yenileyerek kalp ve damar sa\u011fl\u0131\u011f\u0131na katk\u0131 sa\u011flar.<\/p>\n<p>Tokluk hissini art\u0131rarak zay\u0131flamaya yard\u0131mc\u0131 olur,<\/p>\n<p><strong>B6 vitamini<\/strong>\u00a0bak\u0131m\u0131ndan zengindir. Bol miktarda\u00a0<strong>potasyum<\/strong>\u00a0i\u00e7erir,\u00a0<strong>kalsiyum<\/strong>,\u00a0<strong>sodyum<\/strong>,\u00a0<strong>demir<\/strong>\u00a0gibi minareleride i\u00e7inde bar\u0131nd\u0131rmaktad\u0131r.<\/p>\n<p>\u00dcr\u00fcn\u00fcn \u00fczerindeki ya\u011f yer f\u0131st\u0131\u011f\u0131n\u0131n do\u011fal ya\u011f\u0131 olup, bozulma belirtisi de\u011fildir.<br \/>\nKar\u0131\u015ft\u0131rarak t\u00fcketiniz.<\/p>\n<p>Alune\u00a0\u00dcr\u00fcnleri hakk\u0131nda daha fazla bilgi ve\u00a0<a href=\"https:\/\/www.alune.com.tr\/urunler-ezme-cesitleri\/\">\u00fcretim<\/a>\u00a0s\u00fcrecimiz hakk\u0131nda bilgi almak i\u00e7in bizimle\u00a0<a href=\"https:\/\/www.alune.com.tr\/alune-destek-ve-iletisim-sayfasi\/\">ileti\u015fime<\/a>\u00a0ge\u00e7in.<\/p>\n<p>Bizi instagramdan\u00a0<a href=\"https:\/\/www.instagram.com\/alune.ezme\/\">takip<\/a>\u00a0edin.[\/vc_column_text][\/vc_column][\/vc_row]<\/p>\n","protected":false},"excerpt":{"rendered":"<div>Paket i\u00e7eri\u011fi 2&#215;350 gr Alune Max f\u0131st\u0131k ezmesinden olu\u015fur.<\/div>\n<div>Alune Max \u015eekersiz F\u0131st\u0131k Ezmesi co\u011frafi i\u015faretli \u00fcr\u00fcn olup %100 Osmaniye f\u0131st\u0131klar\u0131ndan \u00fcretilmi\u015ftir.<br \/>\n\u015eeker ve katk\u0131 maddesi i\u00e7ermez.<br \/>\nY\u00fcksek lif oran\u0131na sahiptir. Gluten i\u00e7ermez.<br \/>\nY\u00fcksek protein ihtiyac\u0131n\u0131z\u0131 kar\u015f\u0131lar, sporcular i\u00e7in vazge\u00e7ilmez bir takviyedir<br \/>\nS\u00fcr\u00fclebilir ve par\u00e7ac\u0131kl\u0131 k\u0131vamdad\u0131r.<\/div>\n<div>Besin de\u011feri bak\u0131mdan zengin, besleyici ya\u011f oran\u0131 y\u00fcksek olan Osmaniye f\u0131st\u0131klar\u0131 ile \u00fcretilmi\u015ftir. F\u0131st\u0131k \u00fcretimi bak\u0131m\u0131ndan, zengin toprak minerallerine sahip uygun hava s\u0131cakl\u0131\u011f\u0131 ve iklim ko\u015fullar\u0131n\u0131n sa\u011fland\u0131\u011f\u0131 \u00c7ukurova b\u00f6lgesinde ya\u011f ve besin de\u011ferleri ele al\u0131nd\u0131\u011f\u0131nda d\u00fcnyan\u0131n en lezzetli yer f\u0131st\u0131klar\u0131 yeti\u015fmektedir.<br \/>\nKavrulma derecesi ve yer f\u0131st\u0131\u011f\u0131n\u0131n lezzetli yap\u0131s\u0131 sayesinde yer f\u0131st\u0131\u011f\u0131n\u0131n tad\u0131 daha tatl\u0131 ve rengi daha a\u00e7\u0131kt\u0131r.<br \/>\n\u00dcr\u00fcn\u00fcn \u00fczerindeki ya\u011f yer f\u0131st\u0131\u011f\u0131n\u0131n do\u011fal ya\u011f\u0131 olup, bozulma belirtisi de\u011fildir.<br \/>\nKar\u0131\u015ft\u0131rarak t\u00fcketiniz.<\/div>\n","protected":false},"featured_media":3329,"comment_status":"open","ping_status":"closed","template":"","meta":[],"product_brand":[],"product_cat":[67],"product_tag":[],"class_list":{"0":"post-2863","1":"product","2":"type-product","3":"status-publish","4":"has-post-thumbnail","6":"product_cat-fistik-ezmesi","7":"pa_marka-alune","9":"first","10":"instock","11":"shipping-taxable","12":"purchasable","13":"product-type-simple"},"yoast_head":"<!-- This site is optimized with the Yoast SEO Premium plugin v18.8 (Yoast SEO v27.4) - https:\/\/yoast.com\/product\/yoast-seo-premium-wordpress\/ -->\n<title>Alune Max \u015eekersiz Par\u00e7ac\u0131kl\u0131 F\u0131st\u0131k Ezmesi 2&#039;li Kampanya<\/title>\n<meta name=\"description\" content=\"Alune Max \u015eekersiz F\u0131st\u0131k Ezmesi Osmaniye f\u0131st\u0131klar\u0131 ile \u00fcretilen . Co\u011frafi i\u015faretli \u00fcr\u00fcnd\u00fcr katk\u0131 maddesi ve koruyucu i\u00e7ermez - \u015eeker ilavesizdir\" \/>\n<meta name=\"robots\" content=\"index, follow, max-snippet:-1, max-image-preview:large, max-video-preview:-1\" \/>\n<link rel=\"canonical\" href=\"https:\/\/alune.com.tr\/?product=alune-max-2li-sekersiz-fistik-ezmesi\" \/>\n<meta property=\"og:locale\" content=\"tr_TR\" \/>\n<meta property=\"og:type\" content=\"article\" \/>\n<meta property=\"og:title\" content=\"Alune Max 2&#039;li \u015eekersiz F\u0131st\u0131k Ezmesi 700gr\" \/>\n<meta property=\"og:description\" content=\"Alune Max \u015eekersiz F\u0131st\u0131k Ezmesi Osmaniye f\u0131st\u0131klar\u0131 ile \u00fcretilen . Co\u011frafi i\u015faretli \u00fcr\u00fcnd\u00fcr katk\u0131 maddesi ve koruyucu i\u00e7ermez - \u015eeker ilavesizdir\" \/>\n<meta property=\"og:url\" content=\"https:\/\/alune.com.tr\/?product=alune-max-2li-sekersiz-fistik-ezmesi\" \/>\n<meta property=\"og:site_name\" content=\"Alune Ezme \u00c7e\u015fitleri\" \/>\n<meta property=\"article:modified_time\" content=\"2026-03-23T08:06:49+00:00\" \/>\n<meta property=\"og:image\" content=\"https:\/\/alune.com.tr\/wp-content\/uploads\/2022\/08\/alune-max-2li-fistik-ezmesi.webp\" \/>\n\t<meta property=\"og:image:width\" content=\"1080\" \/>\n\t<meta property=\"og:image:height\" content=\"1080\" \/>\n\t<meta property=\"og:image:type\" content=\"image\/webp\" \/>\n<meta name=\"twitter:card\" content=\"summary_large_image\" \/>\n<meta name=\"twitter:site\" content=\"@Aluneezme\" \/>\n<meta name=\"twitter:label1\" content=\"Tahmini okuma s\u00fcresi\" \/>\n\t<meta name=\"twitter:data1\" content=\"2 dakika\" \/>\n<script type=\"application\/ld+json\" class=\"yoast-schema-graph\">{\"@context\":\"https:\\\/\\\/schema.org\",\"@graph\":[{\"@type\":[\"WebPage\",\"ItemPage\"],\"@id\":\"https:\\\/\\\/alune.com.tr\\\/?product=alune-max-2li-sekersiz-fistik-ezmesi\",\"url\":\"https:\\\/\\\/alune.com.tr\\\/?product=alune-max-2li-sekersiz-fistik-ezmesi\",\"name\":\"Alune Max \u015eekersiz Par\u00e7ac\u0131kl\u0131 F\u0131st\u0131k Ezmesi 2'li Kampanya\",\"isPartOf\":{\"@id\":\"https:\\\/\\\/www.alune.com.tr\\\/#website\"},\"primaryImageOfPage\":{\"@id\":\"https:\\\/\\\/alune.com.tr\\\/?product=alune-max-2li-sekersiz-fistik-ezmesi#primaryimage\"},\"image\":{\"@id\":\"https:\\\/\\\/alune.com.tr\\\/?product=alune-max-2li-sekersiz-fistik-ezmesi#primaryimage\"},\"thumbnailUrl\":\"https:\\\/\\\/alune.com.tr\\\/wp-content\\\/uploads\\\/2022\\\/08\\\/alune-max-2li-fistik-ezmesi.webp\",\"datePublished\":\"2022-08-30T20:47:02+00:00\",\"dateModified\":\"2026-03-23T08:06:49+00:00\",\"description\":\"Alune Max \u015eekersiz F\u0131st\u0131k Ezmesi Osmaniye f\u0131st\u0131klar\u0131 ile \u00fcretilen . Co\u011frafi i\u015faretli \u00fcr\u00fcnd\u00fcr katk\u0131 maddesi ve koruyucu i\u00e7ermez - \u015eeker ilavesizdir\",\"breadcrumb\":{\"@id\":\"https:\\\/\\\/alune.com.tr\\\/?product=alune-max-2li-sekersiz-fistik-ezmesi#breadcrumb\"},\"inLanguage\":\"tr\",\"potentialAction\":[{\"@type\":\"ReadAction\",\"target\":[\"https:\\\/\\\/alune.com.tr\\\/?product=alune-max-2li-sekersiz-fistik-ezmesi\"]}]},{\"@type\":\"ImageObject\",\"inLanguage\":\"tr\",\"@id\":\"https:\\\/\\\/alune.com.tr\\\/?product=alune-max-2li-sekersiz-fistik-ezmesi#primaryimage\",\"url\":\"https:\\\/\\\/alune.com.tr\\\/wp-content\\\/uploads\\\/2022\\\/08\\\/alune-max-2li-fistik-ezmesi.webp\",\"contentUrl\":\"https:\\\/\\\/alune.com.tr\\\/wp-content\\\/uploads\\\/2022\\\/08\\\/alune-max-2li-fistik-ezmesi.webp\",\"width\":1080,\"height\":1080,\"caption\":\"Alune-Max \u015eekersiz Alune Max 2'li \u00fcr\u00fcn\"},{\"@type\":\"BreadcrumbList\",\"@id\":\"https:\\\/\\\/alune.com.tr\\\/?product=alune-max-2li-sekersiz-fistik-ezmesi#breadcrumb\",\"itemListElement\":[{\"@type\":\"ListItem\",\"position\":1,\"name\":\"Anasayfa\",\"item\":\"https:\\\/\\\/alune.com.tr\\\/\"},{\"@type\":\"ListItem\",\"position\":2,\"name\":\"\u00dcr\u00fcnler\",\"item\":\"https:\\\/\\\/www.alune.com.tr\\\/?page_id=7\"},{\"@type\":\"ListItem\",\"position\":3,\"name\":\"F\u0131st\u0131k Ezmesi\",\"item\":\"https:\\\/\\\/alune.com.tr\\\/?product_cat=fistik-ezmesi\"},{\"@type\":\"ListItem\",\"position\":4,\"name\":\"Alune Max 2&#8217;li \u015eekersiz F\u0131st\u0131k Ezmesi 700gr\"}]},{\"@type\":\"WebSite\",\"@id\":\"https:\\\/\\\/www.alune.com.tr\\\/#website\",\"url\":\"https:\\\/\\\/www.alune.com.tr\\\/\",\"name\":\"Alune Ezme \u00c7e\u015fitleri\",\"description\":\"\",\"publisher\":{\"@id\":\"https:\\\/\\\/www.alune.com.tr\\\/#organization\"},\"potentialAction\":[{\"@type\":\"SearchAction\",\"target\":{\"@type\":\"EntryPoint\",\"urlTemplate\":\"https:\\\/\\\/www.alune.com.tr\\\/?s={search_term_string}\"},\"query-input\":{\"@type\":\"PropertyValueSpecification\",\"valueRequired\":true,\"valueName\":\"search_term_string\"}}],\"inLanguage\":\"tr\"},{\"@type\":\"Organization\",\"@id\":\"https:\\\/\\\/www.alune.com.tr\\\/#organization\",\"name\":\"Alune\",\"url\":\"https:\\\/\\\/www.alune.com.tr\\\/\",\"logo\":{\"@type\":\"ImageObject\",\"inLanguage\":\"tr\",\"@id\":\"https:\\\/\\\/www.alune.com.tr\\\/#\\\/schema\\\/logo\\\/image\\\/\",\"url\":\"https:\\\/\\\/alune.com.tr\\\/wp-content\\\/uploads\\\/2022\\\/08\\\/Alune-Footer1-logo1-1.png\",\"contentUrl\":\"https:\\\/\\\/alune.com.tr\\\/wp-content\\\/uploads\\\/2022\\\/08\\\/Alune-Footer1-logo1-1.png\",\"width\":320,\"height\":92,\"caption\":\"Alune\"},\"image\":{\"@id\":\"https:\\\/\\\/www.alune.com.tr\\\/#\\\/schema\\\/logo\\\/image\\\/\"},\"sameAs\":[\"https:\\\/\\\/x.com\\\/Aluneezme\",\"https:\\\/\\\/www.instagram.com\\\/alune.ezme\\\/\"]}]}<\/script>\n<!-- \/ Yoast SEO Premium plugin. -->","yoast_head_json":{"title":"Alune Max \u015eekersiz Par\u00e7ac\u0131kl\u0131 F\u0131st\u0131k Ezmesi 2'li Kampanya","description":"Alune Max \u015eekersiz F\u0131st\u0131k Ezmesi Osmaniye f\u0131st\u0131klar\u0131 ile \u00fcretilen . Co\u011frafi i\u015faretli \u00fcr\u00fcnd\u00fcr katk\u0131 maddesi ve koruyucu i\u00e7ermez - \u015eeker ilavesizdir","robots":{"index":"index","follow":"follow","max-snippet":"max-snippet:-1","max-image-preview":"max-image-preview:large","max-video-preview":"max-video-preview:-1"},"canonical":"https:\/\/alune.com.tr\/?product=alune-max-2li-sekersiz-fistik-ezmesi","og_locale":"tr_TR","og_type":"article","og_title":"Alune Max 2'li \u015eekersiz F\u0131st\u0131k Ezmesi 700gr","og_description":"Alune Max \u015eekersiz F\u0131st\u0131k Ezmesi Osmaniye f\u0131st\u0131klar\u0131 ile \u00fcretilen . Co\u011frafi i\u015faretli \u00fcr\u00fcnd\u00fcr katk\u0131 maddesi ve koruyucu i\u00e7ermez - \u015eeker ilavesizdir","og_url":"https:\/\/alune.com.tr\/?product=alune-max-2li-sekersiz-fistik-ezmesi","og_site_name":"Alune Ezme \u00c7e\u015fitleri","article_modified_time":"2026-03-23T08:06:49+00:00","og_image":[{"width":1080,"height":1080,"url":"https:\/\/alune.com.tr\/wp-content\/uploads\/2022\/08\/alune-max-2li-fistik-ezmesi.webp","type":"image\/webp"}],"twitter_card":"summary_large_image","twitter_site":"@Aluneezme","twitter_misc":{"Tahmini okuma s\u00fcresi":"2 dakika"},"schema":{"@context":"https:\/\/schema.org","@graph":[{"@type":["WebPage","ItemPage"],"@id":"https:\/\/alune.com.tr\/?product=alune-max-2li-sekersiz-fistik-ezmesi","url":"https:\/\/alune.com.tr\/?product=alune-max-2li-sekersiz-fistik-ezmesi","name":"Alune Max \u015eekersiz Par\u00e7ac\u0131kl\u0131 F\u0131st\u0131k Ezmesi 2'li Kampanya","isPartOf":{"@id":"https:\/\/www.alune.com.tr\/#website"},"primaryImageOfPage":{"@id":"https:\/\/alune.com.tr\/?product=alune-max-2li-sekersiz-fistik-ezmesi#primaryimage"},"image":{"@id":"https:\/\/alune.com.tr\/?product=alune-max-2li-sekersiz-fistik-ezmesi#primaryimage"},"thumbnailUrl":"https:\/\/alune.com.tr\/wp-content\/uploads\/2022\/08\/alune-max-2li-fistik-ezmesi.webp","datePublished":"2022-08-30T20:47:02+00:00","dateModified":"2026-03-23T08:06:49+00:00","description":"Alune Max \u015eekersiz F\u0131st\u0131k Ezmesi Osmaniye f\u0131st\u0131klar\u0131 ile \u00fcretilen . Co\u011frafi i\u015faretli \u00fcr\u00fcnd\u00fcr katk\u0131 maddesi ve koruyucu i\u00e7ermez - \u015eeker ilavesizdir","breadcrumb":{"@id":"https:\/\/alune.com.tr\/?product=alune-max-2li-sekersiz-fistik-ezmesi#breadcrumb"},"inLanguage":"tr","potentialAction":[{"@type":"ReadAction","target":["https:\/\/alune.com.tr\/?product=alune-max-2li-sekersiz-fistik-ezmesi"]}]},{"@type":"ImageObject","inLanguage":"tr","@id":"https:\/\/alune.com.tr\/?product=alune-max-2li-sekersiz-fistik-ezmesi#primaryimage","url":"https:\/\/alune.com.tr\/wp-content\/uploads\/2022\/08\/alune-max-2li-fistik-ezmesi.webp","contentUrl":"https:\/\/alune.com.tr\/wp-content\/uploads\/2022\/08\/alune-max-2li-fistik-ezmesi.webp","width":1080,"height":1080,"caption":"Alune-Max \u015eekersiz Alune Max 2'li \u00fcr\u00fcn"},{"@type":"BreadcrumbList","@id":"https:\/\/alune.com.tr\/?product=alune-max-2li-sekersiz-fistik-ezmesi#breadcrumb","itemListElement":[{"@type":"ListItem","position":1,"name":"Anasayfa","item":"https:\/\/alune.com.tr\/"},{"@type":"ListItem","position":2,"name":"\u00dcr\u00fcnler","item":"https:\/\/www.alune.com.tr\/?page_id=7"},{"@type":"ListItem","position":3,"name":"F\u0131st\u0131k Ezmesi","item":"https:\/\/alune.com.tr\/?product_cat=fistik-ezmesi"},{"@type":"ListItem","position":4,"name":"Alune Max 2&#8217;li \u015eekersiz F\u0131st\u0131k Ezmesi 700gr"}]},{"@type":"WebSite","@id":"https:\/\/www.alune.com.tr\/#website","url":"https:\/\/www.alune.com.tr\/","name":"Alune Ezme \u00c7e\u015fitleri","description":"","publisher":{"@id":"https:\/\/www.alune.com.tr\/#organization"},"potentialAction":[{"@type":"SearchAction","target":{"@type":"EntryPoint","urlTemplate":"https:\/\/www.alune.com.tr\/?s={search_term_string}"},"query-input":{"@type":"PropertyValueSpecification","valueRequired":true,"valueName":"search_term_string"}}],"inLanguage":"tr"},{"@type":"Organization","@id":"https:\/\/www.alune.com.tr\/#organization","name":"Alune","url":"https:\/\/www.alune.com.tr\/","logo":{"@type":"ImageObject","inLanguage":"tr","@id":"https:\/\/www.alune.com.tr\/#\/schema\/logo\/image\/","url":"https:\/\/alune.com.tr\/wp-content\/uploads\/2022\/08\/Alune-Footer1-logo1-1.png","contentUrl":"https:\/\/alune.com.tr\/wp-content\/uploads\/2022\/08\/Alune-Footer1-logo1-1.png","width":320,"height":92,"caption":"Alune"},"image":{"@id":"https:\/\/www.alune.com.tr\/#\/schema\/logo\/image\/"},"sameAs":["https:\/\/x.com\/Aluneezme","https:\/\/www.instagram.com\/alune.ezme\/"]}]}},"_links":{"self":[{"href":"https:\/\/alune.com.tr\/index.php?rest_route=\/wp\/v2\/product\/2863","targetHints":{"allow":["GET"]}}],"collection":[{"href":"https:\/\/alune.com.tr\/index.php?rest_route=\/wp\/v2\/product"}],"about":[{"href":"https:\/\/alune.com.tr\/index.php?rest_route=\/wp\/v2\/types\/product"}],"replies":[{"embeddable":true,"href":"https:\/\/alune.com.tr\/index.php?rest_route=%2Fwp%2Fv2%2Fcomments&post=2863"}],"wp:featuredmedia":[{"embeddable":true,"href":"https:\/\/alune.com.tr\/index.php?rest_route=\/wp\/v2\/media\/3329"}],"wp:attachment":[{"href":"https:\/\/alune.com.tr\/index.php?rest_route=%2Fwp%2Fv2%2Fmedia&parent=2863"}],"wp:term":[{"taxonomy":"product_brand","embeddable":true,"href":"https:\/\/alune.com.tr\/index.php?rest_route=%2Fwp%2Fv2%2Fproduct_brand&post=2863"},{"taxonomy":"product_cat","embeddable":true,"href":"https:\/\/alune.com.tr\/index.php?rest_route=%2Fwp%2Fv2%2Fproduct_cat&post=2863"},{"taxonomy":"product_tag","embeddable":true,"href":"https:\/\/alune.com.tr\/index.php?rest_route=%2Fwp%2Fv2%2Fproduct_tag&post=2863"}],"curies":[{"name":"wp","href":"https:\/\/api.w.org\/{rel}","templated":true}]}}