{"id":2862,"date":"2022-08-30T20:47:01","date_gmt":"2022-08-30T20:47:01","guid":{"rendered":"http:\/\/www.alune.com.tr\/?post_type=product&#038;p=2862"},"modified":"2026-04-28T08:17:04","modified_gmt":"2026-04-28T08:17:04","slug":"alune-findik-ezmesi","status":"publish","type":"product","link":"https:\/\/alune.com.tr\/?product=alune-findik-ezmesi","title":{"rendered":"Alune F\u0131nd\u0131k Ezmesi 300gr"},"content":{"rendered":"<h1 id=\"f8ba\" class=\"jq jr hv bd js jt ju jv jw jx jy jz ka kb kc kd ke kf kg kh ki kj kk kl km kn bi\" data-selectable-paragraph=\"\">Alune F\u0131nd\u0131k Ezmesi 300gr<\/h1>\n<p class=\"graf graf--p\">F\u0131nd\u0131k \u00fclkemizde daha \u00e7ok Karadeniz b\u00f6lgesinde yeti\u015fse de \u00fclkemizin iklim ko\u015fullar\u0131 sayesinde hemen hemen her b\u00f6lgede yeti\u015fmektedir. En sevilen kuruyemi\u015flerden olan f\u0131nd\u0131k, \u00e7i\u011f veya kavrulmu\u015f olarak t\u00fcketilebilir. F\u0131nd\u0131\u011f\u0131n son y\u0131llarda en sevilen ve kahvalt\u0131lar\u0131n vazge\u00e7ilmesi yapan \u00e7e\u015fidi ise ezme \u015feklinde t\u00fcketilmesidir. \u015eekerli veya \u015fekersiz olarak \u00fcretilen f\u0131nd\u0131k ezmesi hem lezzetli bir kahvalt\u0131l\u0131kt\u0131r hem de i\u00e7erisinde bulunan vitamin ve mineraller ile zengin bir besleyici i\u00e7eri\u011fe sahip olup v\u00fccut i\u00e7in olduk\u00e7a faydal\u0131d\u0131r. <strong class=\"markup--strong markup--p-strong\">F\u0131nd\u0131k ezmesinin faydalar\u0131<\/strong> ve besin de\u011feri hakk\u0131nda sizlere k\u0131saca bilgi verelim.<\/p>\n<h1 id=\"f8ba\" class=\"jq jr hv bd js jt ju jv jw jx jy jz ka kb kc kd ke kf kg kh ki kj kk kl km kn bi\" data-selectable-paragraph=\"\">F\u0131nd\u0131k Ezmesinin Faydalar\u0131 ve Besin De\u011ferleri<\/h1>\n<p id=\"e474\" class=\"pw-post-body-paragraph is it hv iu b iv ko ix iy iz kp jb jc jd kq jf jg jh kr jj jk jl ks jn jo jp ha bi\" data-selectable-paragraph=\"\">F\u0131nd\u0131k ezmesi i\u00e7erisinde E, B1, B2, B6 ve B9 vitaminleri bulunmaktad\u0131r. Potasyum, magnezyum, \u00e7inko, fosfor, demir, selenyum ve bak\u0131r bak\u0131m\u0131ndan olduk\u00e7a zengindir. F\u0131nd\u0131k ezmesi daha \u00e7ok enerji vermesi ile bilinse de asl\u0131nda v\u00fccut i\u00e7in bir\u00e7ok faydas\u0131 da vard\u0131r.<\/p>\n<p>Alune f\u0131nd\u0131k ezmesi faydalar\u0131 ve besin de\u011ferleri ile ilgili merak etti\u011finiz her \u015feye \u015fu <a href=\"https:\/\/medium.com\/@kavakyusuf\/f\u0131nd\u0131k-ezmesinin-faydalar\u0131-ve-besin-de\u011feri-6a252bfdaea1\">makaleden<\/a> ula\u015fabilirsiniz<\/p>\n<p>Daha fazla bilgi i\u00e7in\u00a0<a href=\"https:\/\/wa.me\/5077734831\">WhatsApp<\/a>\u00a0\u00fczeri den bize ula\u015fabilirsiniz<\/p>\n<p>Bizi <a href=\"https:\/\/www.instagram.com\/alune.ezme\/\">Instagram<\/a> dan takip edin<\/p>\n<p>&nbsp;<\/p>\n","protected":false},"excerpt":{"rendered":"<p style=\"font-size: 16px; text-align: justify;\"><a class=\"markup--anchor markup--p-anchor\" href=\"https:\/\/www.alune.com.tr\/urun\/alune-findik-ezmesi\/\" target=\"_blank\" rel=\"noopener\" data-href=\"https:\/\/www.alune.com.tr\/urun\/alune-findik-ezmesi\/\"><strong class=\"markup--strong markup--p-strong\">Alune F\u0131nd\u0131k Ezmesi<\/strong><\/a> katk\u0131 maddesi, koruyucu, em\u00fclgat\u00f6r i\u00e7ermez. Karadeniz f\u0131nd\u0131klar\u0131 kullan\u0131larak ezme haline getirilir. \u00c7i\u011f olarak al\u0131nan f\u0131nd\u0131klar\u0131n afrotoksin de\u011ferleri analiz edilir \u00f6zenle se\u00e7ilir ve kavrulur. \u0130\u00e7erdi\u011fi besleyici ya\u011flar\u0131n \u00f6zelli\u011fi korunarak belli bir derecede kavrulur. Her a\u015famada \u00f6zenle i\u015flenerek sizlere ula\u015ft\u0131r\u0131l\u0131r.<\/p>\n<blockquote data-path-to-node=\"6\">\n<p data-path-to-node=\"6,0\"><b data-path-to-node=\"6,0\" data-index-in-node=\"0\">Not:<\/b> \u00dczerindeki ya\u011f f\u0131st\u0131\u011f\u0131n kendi do\u011fal ya\u011f\u0131d\u0131r, bozulma de\u011fildir. <b data-path-to-node=\"6,0\" data-index-in-node=\"68\">Kar\u0131\u015ft\u0131rarak t\u00fcketiciniz.<\/b><\/p>\n<\/blockquote>\n<p>Cam kavanoz<br \/>\nA\u011f\u0131rl\u0131k:300 gr<\/p>\n","protected":false},"featured_media":3337,"comment_status":"open","ping_status":"closed","template":"","meta":[],"product_brand":[],"product_cat":[66],"product_tag":[77,91,92],"class_list":{"0":"post-2862","1":"product","2":"type-product","3":"status-publish","4":"has-post-thumbnail","6":"product_cat-findik-ezmesi","7":"product_tag-alune","8":"product_tag-alune-fiindik-ezmesi","9":"product_tag-findik","10":"pa_marka-alune","12":"first","13":"instock","14":"purchasable","15":"product-type-simple"},"yoast_head":"<!-- This site is optimized with the Yoast SEO Premium plugin v18.8 (Yoast SEO v27.4) - https:\/\/yoast.com\/product\/yoast-seo-premium-wordpress\/ -->\n<title>Alune F\u0131nd\u0131k Ezmesi 300gr - Alune Ezme \u00c7e\u015fitleri<\/title>\n<meta name=\"description\" content=\"Alune F\u0131nd\u0131k Ezmesi - Karadeniz f\u0131nd\u0131klar\u0131 kullan\u0131larak ezme haline getirilir. \u00c7i\u011f olarak al\u0131nan f\u0131nd\u0131klar \u00f6zenle se\u00e7ilir ve kavrulur\" \/>\n<meta name=\"robots\" content=\"index, follow, max-snippet:-1, max-image-preview:large, max-video-preview:-1\" \/>\n<link rel=\"canonical\" href=\"https:\/\/alune.com.tr\/?product=alune-findik-ezmesi\" \/>\n<meta property=\"og:locale\" content=\"tr_TR\" \/>\n<meta property=\"og:type\" content=\"article\" \/>\n<meta property=\"og:title\" content=\"Alune F\u0131nd\u0131k Ezmesi 300gr\" \/>\n<meta property=\"og:description\" content=\"Alune F\u0131nd\u0131k Ezmesi - Karadeniz f\u0131nd\u0131klar\u0131 kullan\u0131larak ezme haline getirilir. \u00c7i\u011f olarak al\u0131nan f\u0131nd\u0131klar \u00f6zenle se\u00e7ilir ve kavrulur\" \/>\n<meta property=\"og:url\" content=\"https:\/\/alune.com.tr\/?product=alune-findik-ezmesi\" \/>\n<meta property=\"og:site_name\" content=\"Alune Ezme \u00c7e\u015fitleri\" \/>\n<meta property=\"article:modified_time\" content=\"2026-04-28T08:17:04+00:00\" \/>\n<meta property=\"og:image\" content=\"https:\/\/alune.com.tr\/wp-content\/uploads\/2022\/08\/Alune-Findik-Ezmesi.webp\" \/>\n\t<meta property=\"og:image:width\" content=\"1080\" \/>\n\t<meta property=\"og:image:height\" content=\"1080\" \/>\n\t<meta property=\"og:image:type\" content=\"image\/webp\" \/>\n<meta name=\"twitter:card\" content=\"summary_large_image\" \/>\n<meta name=\"twitter:image\" content=\"https:\/\/alune.com.tr\/wp-content\/uploads\/2022\/08\/findik-ezmesi-cam-kavanozda-alune.webp\" \/>\n<meta name=\"twitter:site\" content=\"@Aluneezme\" \/>\n<meta name=\"twitter:label1\" content=\"Tahmini okuma s\u00fcresi\" \/>\n\t<meta name=\"twitter:data1\" content=\"2 dakika\" \/>\n<script type=\"application\/ld+json\" class=\"yoast-schema-graph\">{\"@context\":\"https:\\\/\\\/schema.org\",\"@graph\":[{\"@type\":[\"WebPage\",\"ItemPage\"],\"@id\":\"https:\\\/\\\/alune.com.tr\\\/?product=alune-findik-ezmesi\",\"url\":\"https:\\\/\\\/alune.com.tr\\\/?product=alune-findik-ezmesi\",\"name\":\"Alune F\u0131nd\u0131k Ezmesi 300gr - Alune Ezme \u00c7e\u015fitleri\",\"isPartOf\":{\"@id\":\"https:\\\/\\\/www.alune.com.tr\\\/#website\"},\"primaryImageOfPage\":{\"@id\":\"https:\\\/\\\/alune.com.tr\\\/?product=alune-findik-ezmesi#primaryimage\"},\"image\":{\"@id\":\"https:\\\/\\\/alune.com.tr\\\/?product=alune-findik-ezmesi#primaryimage\"},\"thumbnailUrl\":\"https:\\\/\\\/alune.com.tr\\\/wp-content\\\/uploads\\\/2022\\\/08\\\/Alune-Findik-Ezmesi.webp\",\"datePublished\":\"2022-08-30T20:47:01+00:00\",\"dateModified\":\"2026-04-28T08:17:04+00:00\",\"description\":\"Alune F\u0131nd\u0131k Ezmesi - Karadeniz f\u0131nd\u0131klar\u0131 kullan\u0131larak ezme haline getirilir. \u00c7i\u011f olarak al\u0131nan f\u0131nd\u0131klar \u00f6zenle se\u00e7ilir ve kavrulur\",\"breadcrumb\":{\"@id\":\"https:\\\/\\\/alune.com.tr\\\/?product=alune-findik-ezmesi#breadcrumb\"},\"inLanguage\":\"tr\",\"potentialAction\":[{\"@type\":\"ReadAction\",\"target\":[\"https:\\\/\\\/alune.com.tr\\\/?product=alune-findik-ezmesi\"]}]},{\"@type\":\"ImageObject\",\"inLanguage\":\"tr\",\"@id\":\"https:\\\/\\\/alune.com.tr\\\/?product=alune-findik-ezmesi#primaryimage\",\"url\":\"https:\\\/\\\/alune.com.tr\\\/wp-content\\\/uploads\\\/2022\\\/08\\\/Alune-Findik-Ezmesi.webp\",\"contentUrl\":\"https:\\\/\\\/alune.com.tr\\\/wp-content\\\/uploads\\\/2022\\\/08\\\/Alune-Findik-Ezmesi.webp\",\"width\":1080,\"height\":1080,\"caption\":\"Alune F\u0131nd\u0131k Ezmesi, \u015eekerli F\u0131nd\u0131k ezmesi, Par\u00e7ac\u0131kl\u0131 F\u0131nd\u0131k Ezmesi, Alune\"},{\"@type\":\"BreadcrumbList\",\"@id\":\"https:\\\/\\\/alune.com.tr\\\/?product=alune-findik-ezmesi#breadcrumb\",\"itemListElement\":[{\"@type\":\"ListItem\",\"position\":1,\"name\":\"Anasayfa\",\"item\":\"https:\\\/\\\/alune.com.tr\\\/\"},{\"@type\":\"ListItem\",\"position\":2,\"name\":\"\u00dcr\u00fcnler\",\"item\":\"https:\\\/\\\/www.alune.com.tr\\\/?page_id=7\"},{\"@type\":\"ListItem\",\"position\":3,\"name\":\"F\u0131nd\u0131k Ezmesi\",\"item\":\"https:\\\/\\\/alune.com.tr\\\/?product_cat=findik-ezmesi\"},{\"@type\":\"ListItem\",\"position\":4,\"name\":\"Alune F\u0131nd\u0131k Ezmesi 300gr\"}]},{\"@type\":\"WebSite\",\"@id\":\"https:\\\/\\\/www.alune.com.tr\\\/#website\",\"url\":\"https:\\\/\\\/www.alune.com.tr\\\/\",\"name\":\"Alune Ezme \u00c7e\u015fitleri\",\"description\":\"\",\"publisher\":{\"@id\":\"https:\\\/\\\/www.alune.com.tr\\\/#organization\"},\"potentialAction\":[{\"@type\":\"SearchAction\",\"target\":{\"@type\":\"EntryPoint\",\"urlTemplate\":\"https:\\\/\\\/www.alune.com.tr\\\/?s={search_term_string}\"},\"query-input\":{\"@type\":\"PropertyValueSpecification\",\"valueRequired\":true,\"valueName\":\"search_term_string\"}}],\"inLanguage\":\"tr\"},{\"@type\":\"Organization\",\"@id\":\"https:\\\/\\\/www.alune.com.tr\\\/#organization\",\"name\":\"Alune\",\"url\":\"https:\\\/\\\/www.alune.com.tr\\\/\",\"logo\":{\"@type\":\"ImageObject\",\"inLanguage\":\"tr\",\"@id\":\"https:\\\/\\\/www.alune.com.tr\\\/#\\\/schema\\\/logo\\\/image\\\/\",\"url\":\"https:\\\/\\\/alune.com.tr\\\/wp-content\\\/uploads\\\/2022\\\/08\\\/Alune-Footer1-logo1-1.png\",\"contentUrl\":\"https:\\\/\\\/alune.com.tr\\\/wp-content\\\/uploads\\\/2022\\\/08\\\/Alune-Footer1-logo1-1.png\",\"width\":320,\"height\":92,\"caption\":\"Alune\"},\"image\":{\"@id\":\"https:\\\/\\\/www.alune.com.tr\\\/#\\\/schema\\\/logo\\\/image\\\/\"},\"sameAs\":[\"https:\\\/\\\/x.com\\\/Aluneezme\",\"https:\\\/\\\/www.instagram.com\\\/alune.ezme\\\/\"]}]}<\/script>\n<!-- \/ Yoast SEO Premium plugin. -->","yoast_head_json":{"title":"Alune F\u0131nd\u0131k Ezmesi 300gr - Alune Ezme \u00c7e\u015fitleri","description":"Alune F\u0131nd\u0131k Ezmesi - Karadeniz f\u0131nd\u0131klar\u0131 kullan\u0131larak ezme haline getirilir. \u00c7i\u011f olarak al\u0131nan f\u0131nd\u0131klar \u00f6zenle se\u00e7ilir ve kavrulur","robots":{"index":"index","follow":"follow","max-snippet":"max-snippet:-1","max-image-preview":"max-image-preview:large","max-video-preview":"max-video-preview:-1"},"canonical":"https:\/\/alune.com.tr\/?product=alune-findik-ezmesi","og_locale":"tr_TR","og_type":"article","og_title":"Alune F\u0131nd\u0131k Ezmesi 300gr","og_description":"Alune F\u0131nd\u0131k Ezmesi - Karadeniz f\u0131nd\u0131klar\u0131 kullan\u0131larak ezme haline getirilir. \u00c7i\u011f olarak al\u0131nan f\u0131nd\u0131klar \u00f6zenle se\u00e7ilir ve kavrulur","og_url":"https:\/\/alune.com.tr\/?product=alune-findik-ezmesi","og_site_name":"Alune Ezme \u00c7e\u015fitleri","article_modified_time":"2026-04-28T08:17:04+00:00","og_image":[{"width":1080,"height":1080,"url":"https:\/\/alune.com.tr\/wp-content\/uploads\/2022\/08\/Alune-Findik-Ezmesi.webp","type":"image\/webp"}],"twitter_card":"summary_large_image","twitter_image":"https:\/\/alune.com.tr\/wp-content\/uploads\/2022\/08\/findik-ezmesi-cam-kavanozda-alune.webp","twitter_site":"@Aluneezme","twitter_misc":{"Tahmini okuma s\u00fcresi":"2 dakika"},"schema":{"@context":"https:\/\/schema.org","@graph":[{"@type":["WebPage","ItemPage"],"@id":"https:\/\/alune.com.tr\/?product=alune-findik-ezmesi","url":"https:\/\/alune.com.tr\/?product=alune-findik-ezmesi","name":"Alune F\u0131nd\u0131k Ezmesi 300gr - Alune Ezme \u00c7e\u015fitleri","isPartOf":{"@id":"https:\/\/www.alune.com.tr\/#website"},"primaryImageOfPage":{"@id":"https:\/\/alune.com.tr\/?product=alune-findik-ezmesi#primaryimage"},"image":{"@id":"https:\/\/alune.com.tr\/?product=alune-findik-ezmesi#primaryimage"},"thumbnailUrl":"https:\/\/alune.com.tr\/wp-content\/uploads\/2022\/08\/Alune-Findik-Ezmesi.webp","datePublished":"2022-08-30T20:47:01+00:00","dateModified":"2026-04-28T08:17:04+00:00","description":"Alune F\u0131nd\u0131k Ezmesi - Karadeniz f\u0131nd\u0131klar\u0131 kullan\u0131larak ezme haline getirilir. \u00c7i\u011f olarak al\u0131nan f\u0131nd\u0131klar \u00f6zenle se\u00e7ilir ve kavrulur","breadcrumb":{"@id":"https:\/\/alune.com.tr\/?product=alune-findik-ezmesi#breadcrumb"},"inLanguage":"tr","potentialAction":[{"@type":"ReadAction","target":["https:\/\/alune.com.tr\/?product=alune-findik-ezmesi"]}]},{"@type":"ImageObject","inLanguage":"tr","@id":"https:\/\/alune.com.tr\/?product=alune-findik-ezmesi#primaryimage","url":"https:\/\/alune.com.tr\/wp-content\/uploads\/2022\/08\/Alune-Findik-Ezmesi.webp","contentUrl":"https:\/\/alune.com.tr\/wp-content\/uploads\/2022\/08\/Alune-Findik-Ezmesi.webp","width":1080,"height":1080,"caption":"Alune F\u0131nd\u0131k Ezmesi, \u015eekerli F\u0131nd\u0131k ezmesi, Par\u00e7ac\u0131kl\u0131 F\u0131nd\u0131k Ezmesi, Alune"},{"@type":"BreadcrumbList","@id":"https:\/\/alune.com.tr\/?product=alune-findik-ezmesi#breadcrumb","itemListElement":[{"@type":"ListItem","position":1,"name":"Anasayfa","item":"https:\/\/alune.com.tr\/"},{"@type":"ListItem","position":2,"name":"\u00dcr\u00fcnler","item":"https:\/\/www.alune.com.tr\/?page_id=7"},{"@type":"ListItem","position":3,"name":"F\u0131nd\u0131k Ezmesi","item":"https:\/\/alune.com.tr\/?product_cat=findik-ezmesi"},{"@type":"ListItem","position":4,"name":"Alune F\u0131nd\u0131k Ezmesi 300gr"}]},{"@type":"WebSite","@id":"https:\/\/www.alune.com.tr\/#website","url":"https:\/\/www.alune.com.tr\/","name":"Alune Ezme \u00c7e\u015fitleri","description":"","publisher":{"@id":"https:\/\/www.alune.com.tr\/#organization"},"potentialAction":[{"@type":"SearchAction","target":{"@type":"EntryPoint","urlTemplate":"https:\/\/www.alune.com.tr\/?s={search_term_string}"},"query-input":{"@type":"PropertyValueSpecification","valueRequired":true,"valueName":"search_term_string"}}],"inLanguage":"tr"},{"@type":"Organization","@id":"https:\/\/www.alune.com.tr\/#organization","name":"Alune","url":"https:\/\/www.alune.com.tr\/","logo":{"@type":"ImageObject","inLanguage":"tr","@id":"https:\/\/www.alune.com.tr\/#\/schema\/logo\/image\/","url":"https:\/\/alune.com.tr\/wp-content\/uploads\/2022\/08\/Alune-Footer1-logo1-1.png","contentUrl":"https:\/\/alune.com.tr\/wp-content\/uploads\/2022\/08\/Alune-Footer1-logo1-1.png","width":320,"height":92,"caption":"Alune"},"image":{"@id":"https:\/\/www.alune.com.tr\/#\/schema\/logo\/image\/"},"sameAs":["https:\/\/x.com\/Aluneezme","https:\/\/www.instagram.com\/alune.ezme\/"]}]}},"_links":{"self":[{"href":"https:\/\/alune.com.tr\/index.php?rest_route=\/wp\/v2\/product\/2862","targetHints":{"allow":["GET"]}}],"collection":[{"href":"https:\/\/alune.com.tr\/index.php?rest_route=\/wp\/v2\/product"}],"about":[{"href":"https:\/\/alune.com.tr\/index.php?rest_route=\/wp\/v2\/types\/product"}],"replies":[{"embeddable":true,"href":"https:\/\/alune.com.tr\/index.php?rest_route=%2Fwp%2Fv2%2Fcomments&post=2862"}],"wp:featuredmedia":[{"embeddable":true,"href":"https:\/\/alune.com.tr\/index.php?rest_route=\/wp\/v2\/media\/3337"}],"wp:attachment":[{"href":"https:\/\/alune.com.tr\/index.php?rest_route=%2Fwp%2Fv2%2Fmedia&parent=2862"}],"wp:term":[{"taxonomy":"product_brand","embeddable":true,"href":"https:\/\/alune.com.tr\/index.php?rest_route=%2Fwp%2Fv2%2Fproduct_brand&post=2862"},{"taxonomy":"product_cat","embeddable":true,"href":"https:\/\/alune.com.tr\/index.php?rest_route=%2Fwp%2Fv2%2Fproduct_cat&post=2862"},{"taxonomy":"product_tag","embeddable":true,"href":"https:\/\/alune.com.tr\/index.php?rest_route=%2Fwp%2Fv2%2Fproduct_tag&post=2862"}],"curies":[{"name":"wp","href":"https:\/\/api.w.org\/{rel}","templated":true}]}}