{"id":2855,"date":"2022-08-30T20:47:00","date_gmt":"2022-08-30T20:47:00","guid":{"rendered":"http:\/\/www.alune.com.tr\/?post_type=product&#038;p=2855"},"modified":"2026-03-23T08:23:04","modified_gmt":"2026-03-23T08:23:04","slug":"alune-badem-ezmesi","status":"publish","type":"product","link":"https:\/\/alune.com.tr\/?product=alune-badem-ezmesi","title":{"rendered":"Alune Badem Ezmesi 300 gr"},"content":{"rendered":"<p>Besin de\u011feri bak\u0131mdan zengin, besyeyici ya\u011f oran\u0131 y\u00fcksek yerli ve do\u011fal bademler kullan\u0131larak \u00fcretilmi\u015ftir.<br \/>\nKavrulma derecesi ve i\u015flenme \u015fekli sayesinde besin de\u011feri korunarak tad\u0131 ve k\u0131vam bak\u0131m\u0131ndan lezzetli ve taze \u00fcr\u00fcnler \u00fcretilir.<br \/>\nS\u00fcr\u00fclebilir par\u00e7ac\u0131kl\u0131 yap\u0131s\u0131 ile kahvat\u0131larda ve ara \u00f6\u011f\u00fcnlerde keyifle t\u00fcketebilirsiniz<br \/>\nAlune Badem Ezmesi ile her tad\u0131mda vazge\u00e7ilmez badem tad\u0131n\u0131 hissedersiniz.<br \/>\nY\u00fcksek lif oran\u0131na sahiptir.<br \/>\nY\u00fcksek protein ihtiyac\u0131n\u0131z\u0131 kar\u015f\u0131lar, sporcular i\u00e7in vazge\u00e7ilmez bir takviyedir.<\/p>\n","protected":false},"excerpt":{"rendered":"<p style=\"font-size: 16px; text-align: justify;\">Besin de\u011feri bak\u0131mdan zengin, besyeyici ya\u011f oran\u0131 y\u00fcksek yerli ve do\u011fal bademler kullan\u0131larak \u00fcretilmi\u015ftir.<br \/>\nKavrulma derecesi ve i\u015flenme \u015fekli sayesinde besin de\u011feri korunarak tad\u0131 ve k\u0131vam bak\u0131m\u0131ndan lezzetli ve taze \u00fcr\u00fcnler \u00fcretilir.<br \/>\nS\u00fcr\u00fclebilir par\u00e7ac\u0131kl\u0131 yap\u0131s\u0131 ile kahvat\u0131larda ve ara \u00f6\u011f\u00fcnlerde keyifle t\u00fcketebilirsiniz<br \/>\nAlune Badem Ezmesi ile her tad\u0131mda vazge\u00e7ilmez badem tad\u0131n\u0131 hissedersiniz.<br \/>\nY\u00fcksek lif oran\u0131na sahiptir.<br \/>\nY\u00fcksek protein ihtiyac\u0131n\u0131z\u0131 kar\u015f\u0131lar, sporcular i\u00e7in vazge\u00e7ilmez bir takviyedir.<br \/>\n\u00dcr\u00fcn\u00fcn \u00fczerindeki ya\u011f yer Bademin do\u011fal ya\u011f\u0131 olup, bozulma belirtisi de\u011fildir.<br \/>\nKar\u0131\u015ft\u0131rarak t\u00fcketiniz.<br \/>\nCam kavanoz<br \/>\nA\u011f\u0131rl\u0131k:300 gr<\/p>\n","protected":false},"featured_media":3339,"comment_status":"open","ping_status":"closed","template":"","meta":[],"product_brand":[],"product_cat":[65],"product_tag":[77,86,83,82,84,81,79,78,80],"class_list":{"0":"post-2855","1":"product","2":"type-product","3":"status-publish","4":"has-post-thumbnail","6":"product_cat-badem-ezmesi","7":"product_tag-alune","8":"product_tag-alune-badem-ezmesi","9":"product_tag-badem-ezmesi-fiyat","10":"product_tag-badem-ezmesi-fiyatlari","11":"product_tag-badem-ezmesi-kalori","12":"product_tag-badem-ezmesi-tarif","13":"product_tag-badem-ezmesi-tarifi","14":"product_tag-bebek-badem-ezmesi","15":"product_tag-edirne-badem-ezmesi","16":"pa_marka-alune","18":"first","19":"instock","20":"purchasable","21":"product-type-simple"},"yoast_head":"<!-- This site is optimized with the Yoast SEO Premium plugin v18.8 (Yoast SEO v26.7) - https:\/\/yoast.com\/wordpress\/plugins\/seo\/ -->\n<title>Alune Badem Ezmesi 300 gr - Alune Ezme \u00c7e\u015fitleri<\/title>\n<meta name=\"description\" content=\"Alune Badem Ezmesi ile her tad\u0131mda vazge\u00e7ilmez badem tad\u0131n\u0131 hissedersiniz. Y\u00fcksek protein ihtiyac\u0131n\u0131z\u0131 kar\u015f\u0131lar - Kargo Bedava - 300 gr - Cam Kavanoz\" \/>\n<meta name=\"robots\" content=\"index, follow, max-snippet:-1, max-image-preview:large, max-video-preview:-1\" \/>\n<link rel=\"canonical\" href=\"https:\/\/alune.com.tr\/?product=alune-badem-ezmesi\" \/>\n<meta property=\"og:locale\" content=\"tr_TR\" \/>\n<meta property=\"og:type\" content=\"article\" \/>\n<meta property=\"og:title\" content=\"Alune Badem Ezmesi 300 gr\" \/>\n<meta property=\"og:description\" content=\"Alune Badem Ezmesi ile her tad\u0131mda vazge\u00e7ilmez badem tad\u0131n\u0131 hissedersiniz. Y\u00fcksek protein ihtiyac\u0131n\u0131z\u0131 kar\u015f\u0131lar - Kargo Bedava - 300 gr - Cam Kavanoz\" \/>\n<meta property=\"og:url\" content=\"https:\/\/alune.com.tr\/?product=alune-badem-ezmesi\" \/>\n<meta property=\"og:site_name\" content=\"Alune Ezme \u00c7e\u015fitleri\" \/>\n<meta property=\"article:modified_time\" content=\"2026-03-23T08:23:04+00:00\" \/>\n<meta property=\"og:image\" content=\"https:\/\/alune.com.tr\/wp-content\/uploads\/2022\/08\/Alune-Badem-Ezmesi.webp\" \/>\n\t<meta property=\"og:image:width\" content=\"1080\" \/>\n\t<meta property=\"og:image:height\" content=\"1080\" \/>\n\t<meta property=\"og:image:type\" content=\"image\/webp\" \/>\n<meta name=\"twitter:card\" content=\"summary_large_image\" \/>\n<meta name=\"twitter:site\" content=\"@Aluneezme\" \/>\n<meta name=\"twitter:label1\" content=\"Tahmini okuma s\u00fcresi\" \/>\n\t<meta name=\"twitter:data1\" content=\"1 dakika\" \/>\n<script type=\"application\/ld+json\" class=\"yoast-schema-graph\">{\"@context\":\"https:\/\/schema.org\",\"@graph\":[{\"@type\":[\"WebPage\",\"ItemPage\"],\"@id\":\"https:\/\/alune.com.tr\/?product=alune-badem-ezmesi\",\"url\":\"https:\/\/alune.com.tr\/?product=alune-badem-ezmesi\",\"name\":\"Alune Badem Ezmesi 300 gr - Alune Ezme \u00c7e\u015fitleri\",\"isPartOf\":{\"@id\":\"https:\/\/www.alune.com.tr\/#website\"},\"primaryImageOfPage\":{\"@id\":\"https:\/\/alune.com.tr\/?product=alune-badem-ezmesi#primaryimage\"},\"image\":{\"@id\":\"https:\/\/alune.com.tr\/?product=alune-badem-ezmesi#primaryimage\"},\"thumbnailUrl\":\"https:\/\/alune.com.tr\/wp-content\/uploads\/2022\/08\/Alune-Badem-Ezmesi.webp\",\"datePublished\":\"2022-08-30T20:47:00+00:00\",\"dateModified\":\"2026-03-23T08:23:04+00:00\",\"description\":\"Alune Badem Ezmesi ile her tad\u0131mda vazge\u00e7ilmez badem tad\u0131n\u0131 hissedersiniz. Y\u00fcksek protein ihtiyac\u0131n\u0131z\u0131 kar\u015f\u0131lar - Kargo Bedava - 300 gr - Cam Kavanoz\",\"breadcrumb\":{\"@id\":\"https:\/\/alune.com.tr\/?product=alune-badem-ezmesi#breadcrumb\"},\"inLanguage\":\"tr\",\"potentialAction\":[{\"@type\":\"ReadAction\",\"target\":[\"https:\/\/alune.com.tr\/?product=alune-badem-ezmesi\"]}]},{\"@type\":\"ImageObject\",\"inLanguage\":\"tr\",\"@id\":\"https:\/\/alune.com.tr\/?product=alune-badem-ezmesi#primaryimage\",\"url\":\"https:\/\/alune.com.tr\/wp-content\/uploads\/2022\/08\/Alune-Badem-Ezmesi.webp\",\"contentUrl\":\"https:\/\/alune.com.tr\/wp-content\/uploads\/2022\/08\/Alune-Badem-Ezmesi.webp\",\"width\":1080,\"height\":1080,\"caption\":\"Alune Badem Ezmesi www.alune.com.tr\"},{\"@type\":\"BreadcrumbList\",\"@id\":\"https:\/\/alune.com.tr\/?product=alune-badem-ezmesi#breadcrumb\",\"itemListElement\":[{\"@type\":\"ListItem\",\"position\":1,\"name\":\"Anasayfa\",\"item\":\"https:\/\/alune.com.tr\/\"},{\"@type\":\"ListItem\",\"position\":2,\"name\":\"\u00dcr\u00fcnler\",\"item\":\"https:\/\/www.alune.com.tr\/?page_id=7\"},{\"@type\":\"ListItem\",\"position\":3,\"name\":\"Badem Ezmesi\",\"item\":\"https:\/\/www.alune.com.tr\/?product_cat=badem-ezmesi\"},{\"@type\":\"ListItem\",\"position\":4,\"name\":\"Alune Badem Ezmesi 300 gr\"}]},{\"@type\":\"WebSite\",\"@id\":\"https:\/\/www.alune.com.tr\/#website\",\"url\":\"https:\/\/www.alune.com.tr\/\",\"name\":\"Alune Ezme \u00c7e\u015fitleri\",\"description\":\"\",\"publisher\":{\"@id\":\"https:\/\/www.alune.com.tr\/#organization\"},\"potentialAction\":[{\"@type\":\"SearchAction\",\"target\":{\"@type\":\"EntryPoint\",\"urlTemplate\":\"https:\/\/www.alune.com.tr\/?s={search_term_string}\"},\"query-input\":{\"@type\":\"PropertyValueSpecification\",\"valueRequired\":true,\"valueName\":\"search_term_string\"}}],\"inLanguage\":\"tr\"},{\"@type\":\"Organization\",\"@id\":\"https:\/\/www.alune.com.tr\/#organization\",\"name\":\"Alune\",\"url\":\"https:\/\/www.alune.com.tr\/\",\"logo\":{\"@type\":\"ImageObject\",\"inLanguage\":\"tr\",\"@id\":\"https:\/\/www.alune.com.tr\/#\/schema\/logo\/image\/\",\"url\":\"https:\/\/alune.com.tr\/wp-content\/uploads\/2022\/08\/Alune-Footer1-logo1-1.png\",\"contentUrl\":\"https:\/\/alune.com.tr\/wp-content\/uploads\/2022\/08\/Alune-Footer1-logo1-1.png\",\"width\":320,\"height\":92,\"caption\":\"Alune\"},\"image\":{\"@id\":\"https:\/\/www.alune.com.tr\/#\/schema\/logo\/image\/\"},\"sameAs\":[\"https:\/\/x.com\/Aluneezme\",\"https:\/\/www.instagram.com\/alune.ezme\/\"]}]}<\/script>\n<!-- \/ Yoast SEO Premium plugin. -->","yoast_head_json":{"title":"Alune Badem Ezmesi 300 gr - Alune Ezme \u00c7e\u015fitleri","description":"Alune Badem Ezmesi ile her tad\u0131mda vazge\u00e7ilmez badem tad\u0131n\u0131 hissedersiniz. Y\u00fcksek protein ihtiyac\u0131n\u0131z\u0131 kar\u015f\u0131lar - Kargo Bedava - 300 gr - Cam Kavanoz","robots":{"index":"index","follow":"follow","max-snippet":"max-snippet:-1","max-image-preview":"max-image-preview:large","max-video-preview":"max-video-preview:-1"},"canonical":"https:\/\/alune.com.tr\/?product=alune-badem-ezmesi","og_locale":"tr_TR","og_type":"article","og_title":"Alune Badem Ezmesi 300 gr","og_description":"Alune Badem Ezmesi ile her tad\u0131mda vazge\u00e7ilmez badem tad\u0131n\u0131 hissedersiniz. Y\u00fcksek protein ihtiyac\u0131n\u0131z\u0131 kar\u015f\u0131lar - Kargo Bedava - 300 gr - Cam Kavanoz","og_url":"https:\/\/alune.com.tr\/?product=alune-badem-ezmesi","og_site_name":"Alune Ezme \u00c7e\u015fitleri","article_modified_time":"2026-03-23T08:23:04+00:00","og_image":[{"width":1080,"height":1080,"url":"https:\/\/alune.com.tr\/wp-content\/uploads\/2022\/08\/Alune-Badem-Ezmesi.webp","type":"image\/webp"}],"twitter_card":"summary_large_image","twitter_site":"@Aluneezme","twitter_misc":{"Tahmini okuma s\u00fcresi":"1 dakika"},"schema":{"@context":"https:\/\/schema.org","@graph":[{"@type":["WebPage","ItemPage"],"@id":"https:\/\/alune.com.tr\/?product=alune-badem-ezmesi","url":"https:\/\/alune.com.tr\/?product=alune-badem-ezmesi","name":"Alune Badem Ezmesi 300 gr - Alune Ezme \u00c7e\u015fitleri","isPartOf":{"@id":"https:\/\/www.alune.com.tr\/#website"},"primaryImageOfPage":{"@id":"https:\/\/alune.com.tr\/?product=alune-badem-ezmesi#primaryimage"},"image":{"@id":"https:\/\/alune.com.tr\/?product=alune-badem-ezmesi#primaryimage"},"thumbnailUrl":"https:\/\/alune.com.tr\/wp-content\/uploads\/2022\/08\/Alune-Badem-Ezmesi.webp","datePublished":"2022-08-30T20:47:00+00:00","dateModified":"2026-03-23T08:23:04+00:00","description":"Alune Badem Ezmesi ile her tad\u0131mda vazge\u00e7ilmez badem tad\u0131n\u0131 hissedersiniz. Y\u00fcksek protein ihtiyac\u0131n\u0131z\u0131 kar\u015f\u0131lar - Kargo Bedava - 300 gr - Cam Kavanoz","breadcrumb":{"@id":"https:\/\/alune.com.tr\/?product=alune-badem-ezmesi#breadcrumb"},"inLanguage":"tr","potentialAction":[{"@type":"ReadAction","target":["https:\/\/alune.com.tr\/?product=alune-badem-ezmesi"]}]},{"@type":"ImageObject","inLanguage":"tr","@id":"https:\/\/alune.com.tr\/?product=alune-badem-ezmesi#primaryimage","url":"https:\/\/alune.com.tr\/wp-content\/uploads\/2022\/08\/Alune-Badem-Ezmesi.webp","contentUrl":"https:\/\/alune.com.tr\/wp-content\/uploads\/2022\/08\/Alune-Badem-Ezmesi.webp","width":1080,"height":1080,"caption":"Alune Badem Ezmesi www.alune.com.tr"},{"@type":"BreadcrumbList","@id":"https:\/\/alune.com.tr\/?product=alune-badem-ezmesi#breadcrumb","itemListElement":[{"@type":"ListItem","position":1,"name":"Anasayfa","item":"https:\/\/alune.com.tr\/"},{"@type":"ListItem","position":2,"name":"\u00dcr\u00fcnler","item":"https:\/\/www.alune.com.tr\/?page_id=7"},{"@type":"ListItem","position":3,"name":"Badem Ezmesi","item":"https:\/\/www.alune.com.tr\/?product_cat=badem-ezmesi"},{"@type":"ListItem","position":4,"name":"Alune Badem Ezmesi 300 gr"}]},{"@type":"WebSite","@id":"https:\/\/www.alune.com.tr\/#website","url":"https:\/\/www.alune.com.tr\/","name":"Alune Ezme \u00c7e\u015fitleri","description":"","publisher":{"@id":"https:\/\/www.alune.com.tr\/#organization"},"potentialAction":[{"@type":"SearchAction","target":{"@type":"EntryPoint","urlTemplate":"https:\/\/www.alune.com.tr\/?s={search_term_string}"},"query-input":{"@type":"PropertyValueSpecification","valueRequired":true,"valueName":"search_term_string"}}],"inLanguage":"tr"},{"@type":"Organization","@id":"https:\/\/www.alune.com.tr\/#organization","name":"Alune","url":"https:\/\/www.alune.com.tr\/","logo":{"@type":"ImageObject","inLanguage":"tr","@id":"https:\/\/www.alune.com.tr\/#\/schema\/logo\/image\/","url":"https:\/\/alune.com.tr\/wp-content\/uploads\/2022\/08\/Alune-Footer1-logo1-1.png","contentUrl":"https:\/\/alune.com.tr\/wp-content\/uploads\/2022\/08\/Alune-Footer1-logo1-1.png","width":320,"height":92,"caption":"Alune"},"image":{"@id":"https:\/\/www.alune.com.tr\/#\/schema\/logo\/image\/"},"sameAs":["https:\/\/x.com\/Aluneezme","https:\/\/www.instagram.com\/alune.ezme\/"]}]}},"_links":{"self":[{"href":"https:\/\/alune.com.tr\/index.php?rest_route=\/wp\/v2\/product\/2855","targetHints":{"allow":["GET"]}}],"collection":[{"href":"https:\/\/alune.com.tr\/index.php?rest_route=\/wp\/v2\/product"}],"about":[{"href":"https:\/\/alune.com.tr\/index.php?rest_route=\/wp\/v2\/types\/product"}],"replies":[{"embeddable":true,"href":"https:\/\/alune.com.tr\/index.php?rest_route=%2Fwp%2Fv2%2Fcomments&post=2855"}],"wp:featuredmedia":[{"embeddable":true,"href":"https:\/\/alune.com.tr\/index.php?rest_route=\/wp\/v2\/media\/3339"}],"wp:attachment":[{"href":"https:\/\/alune.com.tr\/index.php?rest_route=%2Fwp%2Fv2%2Fmedia&parent=2855"}],"wp:term":[{"taxonomy":"product_brand","embeddable":true,"href":"https:\/\/alune.com.tr\/index.php?rest_route=%2Fwp%2Fv2%2Fproduct_brand&post=2855"},{"taxonomy":"product_cat","embeddable":true,"href":"https:\/\/alune.com.tr\/index.php?rest_route=%2Fwp%2Fv2%2Fproduct_cat&post=2855"},{"taxonomy":"product_tag","embeddable":true,"href":"https:\/\/alune.com.tr\/index.php?rest_route=%2Fwp%2Fv2%2Fproduct_tag&post=2855"}],"curies":[{"name":"wp","href":"https:\/\/api.w.org\/{rel}","templated":true}]}}