{"id":8,"date":"2022-08-30T20:05:45","date_gmt":"2022-08-30T20:05:45","guid":{"rendered":"http:\/\/www.alune.com.tr\/cart\/"},"modified":"2022-09-02T20:27:39","modified_gmt":"2022-09-02T20:27:39","slug":"sepettim","status":"publish","type":"page","link":"https:\/\/alune.com.tr\/?page_id=8","title":{"rendered":"Sepettim"},"content":{"rendered":"<div class=\"woocommerce\"><div class=\"woocommerce-notices-wrapper\"><\/div><div class=\"wc-empty-cart-message\">\n\t<div class=\"cart-empty woocommerce-info\" role=\"status\">\n\t\tSepetiniz \u015fu anda bo\u015f.\t<\/div>\n<\/div>\t\t<p class=\"cart-empty woodmart-empty-page\">\n\t\t\tSepetiniz \u015fu anda bo\u015f.\t\t<\/p>\n\t\t\t\t\t\t<div class=\"woodmart-empty-page-text\">\u00d6deme i\u015flemine ge\u00e7meden \u00f6nce, al\u0131\u015fveri\u015f sepetinize baz\u0131 \u00fcr\u00fcnler eklemelisiniz.<br> \"Ma\u011faza\" sayfam\u0131zda bir\u00e7ok ilgin\u00e7 \u00fcr\u00fcn bulacaks\u0131n\u0131z.<\/div>\n\t\t\t\t<p class=\"return-to-shop\">\n\t\t<a class=\"button wc-backward\" href=\"https:\/\/alune.com.tr\/?page_id=7\">\n\t\t\tMa\u011fazaya geri d\u00f6n\t\t<\/a>\n\t<\/p>\n<\/div>\n","protected":false},"excerpt":{"rendered":"Sepetiniz \u015fu anda bo\u015f. Sepetiniz \u015fu anda bo\u015f. \u00d6deme i\u015flemine ge\u00e7meden \u00f6nce, al\u0131\u015fveri\u015f sepetinize baz\u0131 \u00fcr\u00fcnler eklemelisiniz. \"Ma\u011faza\" sayfam\u0131zda bir\u00e7ok","protected":false},"author":1,"featured_media":0,"parent":0,"menu_order":0,"comment_status":"closed","ping_status":"closed","template":"","meta":{"footnotes":""},"class_list":["post-8","page","type-page","status-publish","hentry"],"yoast_head":"<!-- This site is optimized with the Yoast SEO Premium plugin v18.8 (Yoast SEO v27.4) - https:\/\/yoast.com\/product\/yoast-seo-premium-wordpress\/ -->\n<title>Sepettim - Alune Ezme \u00c7e\u015fitleri<\/title>\n<meta name=\"robots\" content=\"index, follow, max-snippet:-1, max-image-preview:large, max-video-preview:-1\" \/>\n<link rel=\"canonical\" href=\"https:\/\/alune.com.tr\/?page_id=8\" \/>\n<meta property=\"og:locale\" content=\"tr_TR\" \/>\n<meta property=\"og:type\" content=\"article\" \/>\n<meta property=\"og:title\" content=\"Sepettim\" \/>\n<meta property=\"og:url\" content=\"https:\/\/alune.com.tr\/?page_id=8\" \/>\n<meta property=\"og:site_name\" content=\"Alune Ezme \u00c7e\u015fitleri\" \/>\n<meta property=\"article:modified_time\" content=\"2022-09-02T20:27:39+00:00\" \/>\n<meta name=\"twitter:card\" content=\"summary_large_image\" \/>\n<meta name=\"twitter:site\" content=\"@Aluneezme\" \/>\n<script type=\"application\/ld+json\" class=\"yoast-schema-graph\">{\"@context\":\"https:\\\/\\\/schema.org\",\"@graph\":[{\"@type\":\"WebPage\",\"@id\":\"https:\\\/\\\/alune.com.tr\\\/?page_id=8\",\"url\":\"https:\\\/\\\/alune.com.tr\\\/?page_id=8\",\"name\":\"Sepettim - Alune Ezme \u00c7e\u015fitleri\",\"isPartOf\":{\"@id\":\"https:\\\/\\\/www.alune.com.tr\\\/#website\"},\"datePublished\":\"2022-08-30T20:05:45+00:00\",\"dateModified\":\"2022-09-02T20:27:39+00:00\",\"breadcrumb\":{\"@id\":\"https:\\\/\\\/alune.com.tr\\\/?page_id=8#breadcrumb\"},\"inLanguage\":\"tr\",\"potentialAction\":[{\"@type\":\"ReadAction\",\"target\":[\"https:\\\/\\\/alune.com.tr\\\/?page_id=8\"]}]},{\"@type\":\"BreadcrumbList\",\"@id\":\"https:\\\/\\\/alune.com.tr\\\/?page_id=8#breadcrumb\",\"itemListElement\":[{\"@type\":\"ListItem\",\"position\":1,\"name\":\"Anasayfa\",\"item\":\"https:\\\/\\\/alune.com.tr\\\/\"},{\"@type\":\"ListItem\",\"position\":2,\"name\":\"Sepettim\"}]},{\"@type\":\"WebSite\",\"@id\":\"https:\\\/\\\/www.alune.com.tr\\\/#website\",\"url\":\"https:\\\/\\\/www.alune.com.tr\\\/\",\"name\":\"Alune Ezme \u00c7e\u015fitleri\",\"description\":\"\",\"publisher\":{\"@id\":\"https:\\\/\\\/www.alune.com.tr\\\/#organization\"},\"potentialAction\":[{\"@type\":\"SearchAction\",\"target\":{\"@type\":\"EntryPoint\",\"urlTemplate\":\"https:\\\/\\\/www.alune.com.tr\\\/?s={search_term_string}\"},\"query-input\":{\"@type\":\"PropertyValueSpecification\",\"valueRequired\":true,\"valueName\":\"search_term_string\"}}],\"inLanguage\":\"tr\"},{\"@type\":\"Organization\",\"@id\":\"https:\\\/\\\/www.alune.com.tr\\\/#organization\",\"name\":\"Alune\",\"url\":\"https:\\\/\\\/www.alune.com.tr\\\/\",\"logo\":{\"@type\":\"ImageObject\",\"inLanguage\":\"tr\",\"@id\":\"https:\\\/\\\/www.alune.com.tr\\\/#\\\/schema\\\/logo\\\/image\\\/\",\"url\":\"https:\\\/\\\/alune.com.tr\\\/wp-content\\\/uploads\\\/2022\\\/08\\\/Alune-Footer1-logo1-1.png\",\"contentUrl\":\"https:\\\/\\\/alune.com.tr\\\/wp-content\\\/uploads\\\/2022\\\/08\\\/Alune-Footer1-logo1-1.png\",\"width\":320,\"height\":92,\"caption\":\"Alune\"},\"image\":{\"@id\":\"https:\\\/\\\/www.alune.com.tr\\\/#\\\/schema\\\/logo\\\/image\\\/\"},\"sameAs\":[\"https:\\\/\\\/x.com\\\/Aluneezme\",\"https:\\\/\\\/www.instagram.com\\\/alune.ezme\\\/\"]}]}<\/script>\n<!-- \/ Yoast SEO Premium plugin. -->","yoast_head_json":{"title":"Sepettim - Alune Ezme \u00c7e\u015fitleri","robots":{"index":"index","follow":"follow","max-snippet":"max-snippet:-1","max-image-preview":"max-image-preview:large","max-video-preview":"max-video-preview:-1"},"canonical":"https:\/\/alune.com.tr\/?page_id=8","og_locale":"tr_TR","og_type":"article","og_title":"Sepettim","og_url":"https:\/\/alune.com.tr\/?page_id=8","og_site_name":"Alune Ezme \u00c7e\u015fitleri","article_modified_time":"2022-09-02T20:27:39+00:00","twitter_card":"summary_large_image","twitter_site":"@Aluneezme","schema":{"@context":"https:\/\/schema.org","@graph":[{"@type":"WebPage","@id":"https:\/\/alune.com.tr\/?page_id=8","url":"https:\/\/alune.com.tr\/?page_id=8","name":"Sepettim - Alune Ezme \u00c7e\u015fitleri","isPartOf":{"@id":"https:\/\/www.alune.com.tr\/#website"},"datePublished":"2022-08-30T20:05:45+00:00","dateModified":"2022-09-02T20:27:39+00:00","breadcrumb":{"@id":"https:\/\/alune.com.tr\/?page_id=8#breadcrumb"},"inLanguage":"tr","potentialAction":[{"@type":"ReadAction","target":["https:\/\/alune.com.tr\/?page_id=8"]}]},{"@type":"BreadcrumbList","@id":"https:\/\/alune.com.tr\/?page_id=8#breadcrumb","itemListElement":[{"@type":"ListItem","position":1,"name":"Anasayfa","item":"https:\/\/alune.com.tr\/"},{"@type":"ListItem","position":2,"name":"Sepettim"}]},{"@type":"WebSite","@id":"https:\/\/www.alune.com.tr\/#website","url":"https:\/\/www.alune.com.tr\/","name":"Alune Ezme \u00c7e\u015fitleri","description":"","publisher":{"@id":"https:\/\/www.alune.com.tr\/#organization"},"potentialAction":[{"@type":"SearchAction","target":{"@type":"EntryPoint","urlTemplate":"https:\/\/www.alune.com.tr\/?s={search_term_string}"},"query-input":{"@type":"PropertyValueSpecification","valueRequired":true,"valueName":"search_term_string"}}],"inLanguage":"tr"},{"@type":"Organization","@id":"https:\/\/www.alune.com.tr\/#organization","name":"Alune","url":"https:\/\/www.alune.com.tr\/","logo":{"@type":"ImageObject","inLanguage":"tr","@id":"https:\/\/www.alune.com.tr\/#\/schema\/logo\/image\/","url":"https:\/\/alune.com.tr\/wp-content\/uploads\/2022\/08\/Alune-Footer1-logo1-1.png","contentUrl":"https:\/\/alune.com.tr\/wp-content\/uploads\/2022\/08\/Alune-Footer1-logo1-1.png","width":320,"height":92,"caption":"Alune"},"image":{"@id":"https:\/\/www.alune.com.tr\/#\/schema\/logo\/image\/"},"sameAs":["https:\/\/x.com\/Aluneezme","https:\/\/www.instagram.com\/alune.ezme\/"]}]}},"_links":{"self":[{"href":"https:\/\/alune.com.tr\/index.php?rest_route=\/wp\/v2\/pages\/8","targetHints":{"allow":["GET"]}}],"collection":[{"href":"https:\/\/alune.com.tr\/index.php?rest_route=\/wp\/v2\/pages"}],"about":[{"href":"https:\/\/alune.com.tr\/index.php?rest_route=\/wp\/v2\/types\/page"}],"author":[{"embeddable":true,"href":"https:\/\/alune.com.tr\/index.php?rest_route=\/wp\/v2\/users\/1"}],"replies":[{"embeddable":true,"href":"https:\/\/alune.com.tr\/index.php?rest_route=%2Fwp%2Fv2%2Fcomments&post=8"}],"version-history":[{"count":0,"href":"https:\/\/alune.com.tr\/index.php?rest_route=\/wp\/v2\/pages\/8\/revisions"}],"wp:attachment":[{"href":"https:\/\/alune.com.tr\/index.php?rest_route=%2Fwp%2Fv2%2Fmedia&parent=8"}],"curies":[{"name":"wp","href":"https:\/\/api.w.org\/{rel}","templated":true}]}}